{"id":9,"date":"2022-12-06T11:31:19","date_gmt":"2022-12-06T11:31:19","guid":{"rendered":"https:\/\/aippacademia.org\/?page_id=9"},"modified":"2024-10-01T09:55:56","modified_gmt":"2024-10-01T09:55:56","slug":"selection-criteria","status":"publish","type":"page","link":"https:\/\/aippacademia.org\/fr\/selection-criteria\/","title":{"rendered":"CRIT\u00c8RES DE S\u00c9LECTION"},"content":{"rendered":"<div style=\"height:84px\" aria-hidden=\"true\" class=\"wp-block-spacer\"><\/div>\n\n\n\n<pre class=\"wp-block-preformatted\"><\/pre>\n\n\n\n<p><strong><mark style=\"background-color:rgba(0, 0, 0, 0)\" class=\"has-inline-color has-accent-color\">Dipl\u00f4mes acad\u00e9miques<\/mark><\/strong><\/p>\n\n\n\n<pre class=\"wp-block-preformatted\"><\/pre>\n\n\n\n<p>Doctorat en arch\u00e9ologie ou \u00e9quivalent,<\/p>\n\n\n\n<p>Th\u00e8se de doctorat, habilitation \u00e0 diriger des recherches ou \u00e9quivalent,<\/p>\n\n\n\n<p>Autres dipl\u00f4mes.<\/p>\n\n\n\n<hr class=\"wp-block-separator has-alpha-channel-opacity is-style-wide\"\/>\n\n\n\n<pre class=\"wp-block-preformatted\"><\/pre>\n\n\n\n<p><strong><mark style=\"background-color:rgba(0, 0, 0, 0)\" class=\"has-inline-color has-black-color\">Activit\u00e9s professionnelles<\/mark><\/strong><\/p>\n\n\n\n<pre class=\"wp-block-preformatted\"><\/pre>\n\n\n\n<p>Professeur des universit\u00e9s, professeur agr\u00e9g\u00e9, directeur de recherche, directeur d'institut ou de laboratoire d'arch\u00e9ologie ou conservateur en chef d'un mus\u00e9e,<\/p>\n\n\n\n<p>Exp\u00e9rience dans l'enseignement de l'arch\u00e9ologie (enseignant, ma\u00eetre de conf\u00e9rences, enseignant-chercheur, etc.),<\/p>\n\n\n\n<p>Responsabilit\u00e9s dans les institutions de la vie acad\u00e9mique nationale (laboratoires, universit\u00e9s, soci\u00e9t\u00e9s savantes, acad\u00e9mies, etc.).<\/p>\n\n\n\n<hr class=\"wp-block-separator has-alpha-channel-opacity is-style-wide\"\/>\n\n\n\n<pre class=\"wp-block-preformatted\"><\/pre>\n\n\n\n<p><mark style=\"background-color:rgba(0, 0, 0, 0)\" class=\"has-inline-color has-accent-color\"><strong>Activit\u00e9s de terrain<\/strong><\/mark><\/p>\n\n\n\n<pre class=\"wp-block-preformatted\"><\/pre>\n\n\n\n<p>Direction ou codirection de grand chantier de fouilles \u00e0 long terme (au moins 10 ans).<\/p>\n\n\n\n<hr class=\"wp-block-separator has-alpha-channel-opacity is-style-wide\"\/>\n\n\n\n<pre class=\"wp-block-preformatted\"><\/pre>\n\n\n\n<p><strong>Travaux acad\u00e9miques<\/strong><\/p>\n\n\n\n<pre class=\"wp-block-preformatted\"><\/pre>\n\n\n\n<p>Plus de 100 publications d'articles originaux dans des revues scientifiques en tant qu'auteur ou co-auteur,<\/p>\n\n\n\n<p>Plus d'une dizaine de publications en tant qu'\u00e9diteur scientifique,<\/p>\n\n\n\n<p>Plusieurs ouvrages de synth\u00e8se ou manuels dont au moins un comme auteur unique,<\/p>\n\n\n\n<p>Directeur d'une collection d'ouvrages en arch\u00e9ologie,<\/p>\n\n\n\n<p>Pr\u00e9sence dans les comit\u00e9s de r\u00e9daction ou les comit\u00e9s scientifiques d'une revue scientifique,<\/p>\n\n\n\n<p>Participation aux jurys de th\u00e8ses de doctorat,<\/p>\n\n\n\n<p>Activit\u00e9s de m\u00e9diation arch\u00e9ologique (livre grand public, film documentaire, \u00e9missions de radio ou de t\u00e9l\u00e9vision, vid\u00e9os, mus\u00e9es de sites, livres illustr\u00e9s pour la jeunesse, etc.).<\/p>\n\n\n\n<hr class=\"wp-block-separator has-alpha-channel-opacity is-style-wide\"\/>\n\n\n\n<pre class=\"wp-block-preformatted\"><\/pre>\n\n\n\n<p><mark style=\"background-color:rgba(0, 0, 0, 0)\" class=\"has-inline-color has-accent-color\"><strong>Reconnaissance internationale<\/strong><\/mark><\/p>\n\n\n\n<pre class=\"wp-block-preformatted\"><\/pre>\n\n\n\n<p>Responsabilit\u00e9s dans les institutions de la vie acad\u00e9mique internationale (soci\u00e9t\u00e9s savantes, unions scientifiques internationales, acad\u00e9mies, etc.),<\/p>\n\n\n\n<p>Exp\u00e9rience en tant que professeur invit\u00e9 dans une universit\u00e9 \u00e9trang\u00e8re,<\/p>\n\n\n\n<p>Organisation de congr\u00e8s internationaux,<\/p>\n\n\n\n<p>Livre traduit dans une autre langue.<\/p>\n\n\n\n<hr class=\"wp-block-separator has-alpha-channel-opacity is-style-wide\"\/>\n\n\n\n<pre class=\"wp-block-preformatted\"><\/pre>\n\n\n\n<p><mark style=\"background-color:rgba(0, 0, 0, 0)\" class=\"has-inline-color has-accent-color\"><strong>Honneurs acad\u00e9miques<\/strong><\/mark><\/p>\n\n\n\n<hr class=\"wp-block-separator has-alpha-channel-opacity is-style-wide\"\/>\n\n\n\n<pre class=\"wp-block-preformatted\"><\/pre>\n\n\n\n<p><strong><mark style=\"background-color:rgba(0, 0, 0, 0)\" class=\"has-inline-color has-black-color\">Prix<\/mark><\/strong><\/p>","protected":false},"excerpt":{"rendered":"<p>Academic titles Doctorate in Archaeology (PhD) or equivalent, Doctoral thesis, habilitation to direct research or equivalent, Other degrees. Professional activities Full professor, associate professor, research director, head of department or research institute in archaeology or chief curator at a museum, Experience in teaching archaeology (lecturer, reader, research professor, etc.), Responsibilities [&hellip;]<\/p>\n","protected":false},"author":1,"featured_media":0,"parent":0,"menu_order":0,"comment_status":"closed","ping_status":"closed","template":"","meta":{"_monsterinsights_skip_tracking":false,"_monsterinsights_sitenote_active":false,"_monsterinsights_sitenote_note":"","_monsterinsights_sitenote_category":0,"_themeisle_gutenberg_block_has_review":false,"footnotes":""},"class_list":["post-9","page","type-page","status-publish","hentry"],"yoast_head":"<!-- This site is optimized with the Yoast SEO plugin v27.6 - https:\/\/yoast.com\/product\/yoast-seo-wordpress\/ -->\n<title>SELECTION CRITERIA - AIPP<\/title>\n<meta name=\"robots\" content=\"index, follow, max-snippet:-1, max-image-preview:large, max-video-preview:-1\" \/>\n<link rel=\"canonical\" href=\"https:\/\/aippacademia.org\/fr\/selection-criteria\/\" \/>\n<meta property=\"og:locale\" content=\"fr_FR\" \/>\n<meta property=\"og:type\" content=\"article\" \/>\n<meta property=\"og:title\" content=\"SELECTION CRITERIA - AIPP\" \/>\n<meta property=\"og:description\" content=\"Academic titles Doctorate in Archaeology (PhD) or equivalent, Doctoral thesis, habilitation to direct research or equivalent, Other degrees. Professional activities Full professor, associate professor, research director, head of department or research institute in archaeology or chief curator at a museum, Experience in teaching archaeology (lecturer, reader, research professor, etc.), Responsibilities [&hellip;]\" \/>\n<meta property=\"og:url\" content=\"https:\/\/aippacademia.org\/fr\/selection-criteria\/\" \/>\n<meta property=\"og:site_name\" content=\"AIPP\" \/>\n<meta property=\"article:modified_time\" content=\"2024-10-01T09:55:56+00:00\" \/>\n<meta name=\"twitter:card\" content=\"summary_large_image\" \/>\n<meta name=\"twitter:label1\" content=\"Dur\u00e9e de lecture estim\u00e9e\" \/>\n\t<meta name=\"twitter:data1\" content=\"1 minute\" \/>\n<script type=\"application\/ld+json\" class=\"yoast-schema-graph\">{\"@context\":\"https:\\\/\\\/schema.org\",\"@graph\":[{\"@type\":\"WebPage\",\"@id\":\"https:\\\/\\\/aippacademia.org\\\/selection-criteria\\\/\",\"url\":\"https:\\\/\\\/aippacademia.org\\\/selection-criteria\\\/\",\"name\":\"SELECTION CRITERIA - AIPP\",\"isPartOf\":{\"@id\":\"https:\\\/\\\/aippacademia.org\\\/en\\\/#website\"},\"datePublished\":\"2022-12-06T11:31:19+00:00\",\"dateModified\":\"2024-10-01T09:55:56+00:00\",\"breadcrumb\":{\"@id\":\"https:\\\/\\\/aippacademia.org\\\/selection-criteria\\\/#breadcrumb\"},\"inLanguage\":\"fr-FR\",\"potentialAction\":[{\"@type\":\"ReadAction\",\"target\":[\"https:\\\/\\\/aippacademia.org\\\/selection-criteria\\\/\"]}]},{\"@type\":\"BreadcrumbList\",\"@id\":\"https:\\\/\\\/aippacademia.org\\\/selection-criteria\\\/#breadcrumb\",\"itemListElement\":[{\"@type\":\"ListItem\",\"position\":1,\"name\":\"Home\",\"item\":\"https:\\\/\\\/aippacademia.org\\\/\"},{\"@type\":\"ListItem\",\"position\":2,\"name\":\"SELECTION CRITERIA\"}]},{\"@type\":\"WebSite\",\"@id\":\"https:\\\/\\\/aippacademia.org\\\/en\\\/#website\",\"url\":\"https:\\\/\\\/aippacademia.org\\\/en\\\/\",\"name\":\"AIPP\",\"description\":\"Acad&eacute;mie Internationale de Pr&eacute;histoire et Protohistoire\",\"publisher\":{\"@id\":\"https:\\\/\\\/aippacademia.org\\\/en\\\/#organization\"},\"potentialAction\":[{\"@type\":\"SearchAction\",\"target\":{\"@type\":\"EntryPoint\",\"urlTemplate\":\"https:\\\/\\\/aippacademia.org\\\/en\\\/?s={search_term_string}\"},\"query-input\":{\"@type\":\"PropertyValueSpecification\",\"valueRequired\":true,\"valueName\":\"search_term_string\"}}],\"inLanguage\":\"fr-FR\"},{\"@type\":\"Organization\",\"@id\":\"https:\\\/\\\/aippacademia.org\\\/en\\\/#organization\",\"name\":\"AIPP\",\"url\":\"https:\\\/\\\/aippacademia.org\\\/en\\\/\",\"logo\":{\"@type\":\"ImageObject\",\"inLanguage\":\"fr-FR\",\"@id\":\"https:\\\/\\\/aippacademia.org\\\/en\\\/#\\\/schema\\\/logo\\\/image\\\/\",\"url\":\"https:\\\/\\\/aippacademia.org\\\/wp-content\\\/uploads\\\/2024\\\/04\\\/AIPP_logo.png\",\"contentUrl\":\"https:\\\/\\\/aippacademia.org\\\/wp-content\\\/uploads\\\/2024\\\/04\\\/AIPP_logo.png\",\"width\":371,\"height\":234,\"caption\":\"AIPP\"},\"image\":{\"@id\":\"https:\\\/\\\/aippacademia.org\\\/en\\\/#\\\/schema\\\/logo\\\/image\\\/\"}}]}<\/script>\n<!-- \/ Yoast SEO plugin. -->","yoast_head_json":{"title":"SELECTION CRITERIA - AIPP","robots":{"index":"index","follow":"follow","max-snippet":"max-snippet:-1","max-image-preview":"max-image-preview:large","max-video-preview":"max-video-preview:-1"},"canonical":"https:\/\/aippacademia.org\/fr\/selection-criteria\/","og_locale":"fr_FR","og_type":"article","og_title":"SELECTION CRITERIA - AIPP","og_description":"Academic titles Doctorate in Archaeology (PhD) or equivalent, Doctoral thesis, habilitation to direct research or equivalent, Other degrees. Professional activities Full professor, associate professor, research director, head of department or research institute in archaeology or chief curator at a museum, Experience in teaching archaeology (lecturer, reader, research professor, etc.), Responsibilities [&hellip;]","og_url":"https:\/\/aippacademia.org\/fr\/selection-criteria\/","og_site_name":"AIPP","article_modified_time":"2024-10-01T09:55:56+00:00","twitter_card":"summary_large_image","twitter_misc":{"Dur\u00e9e de lecture estim\u00e9e":"1 minute"},"schema":{"@context":"https:\/\/schema.org","@graph":[{"@type":"WebPage","@id":"https:\/\/aippacademia.org\/selection-criteria\/","url":"https:\/\/aippacademia.org\/selection-criteria\/","name":"SELECTION CRITERIA - AIPP","isPartOf":{"@id":"https:\/\/aippacademia.org\/en\/#website"},"datePublished":"2022-12-06T11:31:19+00:00","dateModified":"2024-10-01T09:55:56+00:00","breadcrumb":{"@id":"https:\/\/aippacademia.org\/selection-criteria\/#breadcrumb"},"inLanguage":"fr-FR","potentialAction":[{"@type":"ReadAction","target":["https:\/\/aippacademia.org\/selection-criteria\/"]}]},{"@type":"BreadcrumbList","@id":"https:\/\/aippacademia.org\/selection-criteria\/#breadcrumb","itemListElement":[{"@type":"ListItem","position":1,"name":"Home","item":"https:\/\/aippacademia.org\/"},{"@type":"ListItem","position":2,"name":"SELECTION CRITERIA"}]},{"@type":"WebSite","@id":"https:\/\/aippacademia.org\/en\/#website","url":"https:\/\/aippacademia.org\/en\/","name":"AIPP","description":"Acad&eacute;mie Internationale de Pr&eacute;histoire et Protohistoire","publisher":{"@id":"https:\/\/aippacademia.org\/en\/#organization"},"potentialAction":[{"@type":"SearchAction","target":{"@type":"EntryPoint","urlTemplate":"https:\/\/aippacademia.org\/en\/?s={search_term_string}"},"query-input":{"@type":"PropertyValueSpecification","valueRequired":true,"valueName":"search_term_string"}}],"inLanguage":"fr-FR"},{"@type":"Organization","@id":"https:\/\/aippacademia.org\/en\/#organization","name":"AIPP","url":"https:\/\/aippacademia.org\/en\/","logo":{"@type":"ImageObject","inLanguage":"fr-FR","@id":"https:\/\/aippacademia.org\/en\/#\/schema\/logo\/image\/","url":"https:\/\/aippacademia.org\/wp-content\/uploads\/2024\/04\/AIPP_logo.png","contentUrl":"https:\/\/aippacademia.org\/wp-content\/uploads\/2024\/04\/AIPP_logo.png","width":371,"height":234,"caption":"AIPP"},"image":{"@id":"https:\/\/aippacademia.org\/en\/#\/schema\/logo\/image\/"}}]}},"_links":{"self":[{"href":"https:\/\/aippacademia.org\/fr\/wp-json\/wp\/v2\/pages\/9","targetHints":{"allow":["GET"]}}],"collection":[{"href":"https:\/\/aippacademia.org\/fr\/wp-json\/wp\/v2\/pages"}],"about":[{"href":"https:\/\/aippacademia.org\/fr\/wp-json\/wp\/v2\/types\/page"}],"author":[{"embeddable":true,"href":"https:\/\/aippacademia.org\/fr\/wp-json\/wp\/v2\/users\/1"}],"replies":[{"embeddable":true,"href":"https:\/\/aippacademia.org\/fr\/wp-json\/wp\/v2\/comments?post=9"}],"version-history":[{"count":12,"href":"https:\/\/aippacademia.org\/fr\/wp-json\/wp\/v2\/pages\/9\/revisions"}],"predecessor-version":[{"id":289,"href":"https:\/\/aippacademia.org\/fr\/wp-json\/wp\/v2\/pages\/9\/revisions\/289"}],"wp:attachment":[{"href":"https:\/\/aippacademia.org\/fr\/wp-json\/wp\/v2\/media?parent=9"}],"curies":[{"name":"wp","href":"https:\/\/api.w.org\/{rel}","templated":true}]}}