{"id":258,"date":"2024-09-26T14:56:09","date_gmt":"2024-09-26T14:56:09","guid":{"rendered":"https:\/\/aippacademia.org\/?page_id=258"},"modified":"2025-01-14T14:21:55","modified_gmt":"2025-01-14T14:21:55","slug":"events","status":"publish","type":"page","link":"https:\/\/aippacademia.org\/fr\/events\/","title":{"rendered":"ACTIVIT\u00c9S"},"content":{"rendered":"<div style=\"height:100px\" aria-hidden=\"true\" class=\"wp-block-spacer\"><\/div>\n\n\n\n<p><strong><em>First Proceedings of the International Academy of Prehistory and Protohistory (AIPP)<\/em><\/strong><\/p>\n\n\n\n<div style=\"height:100px\" aria-hidden=\"true\" class=\"wp-block-spacer\"><\/div>\n\n\n\n<p>The volume contains the papers given at a symposium organized by the International Academy of Prehistory and Protohistory at the Institute of Human Paleontology in Paris, on June 3, 2023.<\/p>\n\n\n\n<p>The chosen theme \u201cDeterminisms in prehistoric societies: climate change, environments, functional constraints and cultural traditions\u201d is part of the project \u201cHuman societies in the face of climate change\u201d supported by the International Academic Union (UAI).<\/p>\n\n\n\n<p>The volume is freely accessible on the website of our publisher Archaeopress at the address:&nbsp;<a href=\"https:\/\/www.archaeopress.com\/Archaeopress\/download\/9781803278919\" target=\"_blank\" rel=\"noreferrer noopener\">https:\/\/www.archaeopress.com\/Archaeopress\/download\/9781803278919<\/a>.<\/p>\n\n\n\n<p>Twelve presentations were given face-to-face and remotely the 3 of June 2023 :<\/p>\n\n\n\n<div style=\"height:18px\" aria-hidden=\"true\" class=\"wp-block-spacer\"><\/div>\n\n\n\n<p>1. Henry de Lumley<\/p>\n\n\n\n<p>Evolution du climat au Pl\u00e9istoc\u00e8ne inf\u00e9rieur et premier peuplement de l\u2019Europe<\/p>\n\n\n\n<div style=\"height:18px\" aria-hidden=\"true\" class=\"wp-block-spacer\"><\/div>\n\n\n\n<p>2. Francis Thackeray<\/p>\n\n\n\n<p>Quantification of morphological variability expressed by a \u201clog sem\u201d statistic in the context of human evolution (<em>Australopithecus<\/em>, <em>Paranthropus <\/em>and early <em>Homo<\/em>)<\/p>\n\n\n\n<div style=\"height:18px\" aria-hidden=\"true\" class=\"wp-block-spacer\"><\/div>\n\n\n\n<p>3. Fran\u00e7ois Djindjian<\/p>\n\n\n\n<p>Cultural changes in middle and upper European Palaeolithic: from cultural historical typology to process analysis<\/p>\n\n\n\n<div style=\"height:18px\" aria-hidden=\"true\" class=\"wp-block-spacer\"><\/div>\n\n\n\n<p>4. Martin Oliva<\/p>\n\n\n\n<p>L\u2019\u00e9volution culturelle et l\u2019interpr\u00e9tation des donn\u00e9es. Quelques exemples.<\/p>\n\n\n\n<div style=\"height:18px\" aria-hidden=\"true\" class=\"wp-block-spacer\"><\/div>\n\n\n\n<p>5. Lioudmila Iakovleva<\/p>\n\n\n\n<p>Cultural Changes in the upper Palaeolithic of Eastern Europe: the influence of climate change<\/p>\n\n\n\n<div style=\"height:18px\" aria-hidden=\"true\" class=\"wp-block-spacer\"><\/div>\n\n\n\n<p>6. Jacek Kabacinski<\/p>\n\n\n\n<p>Exploring the life of Central European hunter-gatherers: research on Polish Mesolithic peat-bog sites<\/p>\n\n\n\n<div style=\"height:18px\" aria-hidden=\"true\" class=\"wp-block-spacer\"><\/div>\n\n\n\n<p>7. Mehmet \u00d6zdo\u011fan<\/p>\n\n\n\n<p>Cultural Changes during the Transformation of Neolithic Way of Living from Anatolia to Balkans<\/p>\n\n\n\n<div style=\"height:18px\" aria-hidden=\"true\" class=\"wp-block-spacer\"><\/div>\n\n\n\n<p>8. Chris Scarre<\/p>\n\n\n\n<p>Megaliths, islands and mobility in Neolithic Northwest Europe<\/p>\n\n\n\n<div style=\"height:18px\" aria-hidden=\"true\" class=\"wp-block-spacer\"><\/div>\n\n\n\n<p>9. Hans Gebel<\/p>\n\n\n\n<p>The Rajajil Cultures: Socio-Economic and Cultural Evolution Reacting to Climate Change in Northern Arabia (4500-3500 BCE)<\/p>\n\n\n\n<div style=\"height:18px\" aria-hidden=\"true\" class=\"wp-block-spacer\"><\/div>\n\n\n\n<p>10. Svend Hansen<\/p>\n\n\n\n<p>Research on Technological and Social Innovations in Prehistory. New Perspectives for Archaeology<\/p>\n\n\n\n<div style=\"height:18px\" aria-hidden=\"true\" class=\"wp-block-spacer\"><\/div>\n\n\n\n<p>11. Dolores Piperno<\/p>\n\n\n\n<p>The Past (and Future?) of Our Crop Plants and Their Wild Ancestors in Changing Global Environments: Developmental Plasticity and Maize Evolution<\/p>\n\n\n\n<div style=\"height:18px\" aria-hidden=\"true\" class=\"wp-block-spacer\"><\/div>\n\n\n\n<p>12. Kristian Kristiansen<\/p>\n\n\n\n<p>Institutions and their transformation from the 3rd to the 2<sup>nd<\/sup> millennium BC in temperate Europe: environmental, linguistic and genetic implications<\/p>\n\n\n\n<div style=\"height:18px\" aria-hidden=\"true\" class=\"wp-block-spacer\"><\/div>\n\n\n\n<p>The publication was supported by two complementary contributions by Eszter B\u00e1nffy and Jo\u00e3o Lu\u00eds Cardoso.<\/p>\n\n\n\n<div style=\"height:25px\" aria-hidden=\"true\" class=\"wp-block-spacer\"><\/div>\n\n\n\n<div data-wp-interactive=\"core\/file\" class=\"wp-block-file\"><object data-wp-bind--hidden=\"!state.hasPdfPreview\" hidden class=\"wp-block-file__embed\" data=\"https:\/\/aippacademia.org\/wp-content\/uploads\/2025\/01\/Cover-CR-AIPP-2024-symposium-2023-2.pdf\" type=\"application\/pdf\" style=\"width:100%;height:600px\" aria-label=\"Contenu embarqu\u00e9 Cover CR AIPP 2024 symposium 2023-2.\"><\/object><a id=\"wp-block-file--media-1366d401-3b56-4e43-b1d6-1fa469ce8f22\" href=\"https:\/\/aippacademia.org\/wp-content\/uploads\/2025\/01\/Cover-CR-AIPP-2024-symposium-2023-2.pdf\">Cover CR AIPP 2024 symposium 2023-2<\/a><a href=\"https:\/\/aippacademia.org\/wp-content\/uploads\/2025\/01\/Cover-CR-AIPP-2024-symposium-2023-2.pdf\" class=\"wp-block-file__button wp-element-button\" download aria-describedby=\"wp-block-file--media-1366d401-3b56-4e43-b1d6-1fa469ce8f22\">Download<\/a><\/div>\n\n\n\n<div data-wp-interactive=\"core\/file\" class=\"wp-block-file\"><object data-wp-bind--hidden=\"!state.hasPdfPreview\" hidden class=\"wp-block-file__embed\" data=\"https:\/\/aippacademia.org\/wp-content\/uploads\/2025\/01\/CR-AIPP-2024-symposium-2023-p3.pdf\" type=\"application\/pdf\" style=\"width:100%;height:600px\" aria-label=\"Contenu embarqu\u00e9 CR AIPP 2024 symposium 2023 p3.\"><\/object><a id=\"wp-block-file--media-e6ab6669-1bd3-4181-aca5-62a8727250da\" href=\"https:\/\/aippacademia.org\/wp-content\/uploads\/2025\/01\/CR-AIPP-2024-symposium-2023-p3.pdf\">CR AIPP 2024 symposium 2023 p3<\/a><a href=\"https:\/\/aippacademia.org\/wp-content\/uploads\/2025\/01\/CR-AIPP-2024-symposium-2023-p3.pdf\" class=\"wp-block-file__button wp-element-button\" download aria-describedby=\"wp-block-file--media-e6ab6669-1bd3-4181-aca5-62a8727250da\">Download<\/a><\/div>\n\n\n\n<p><\/p>\n\n\n\n<div style=\"height:133px\" aria-hidden=\"true\" class=\"wp-block-spacer\"><\/div>\n\n\n\n<p><\/p>\n\n\n\n<p><\/p>\n\n\n\n<p><strong><em>Symposium 2024<\/em><\/strong><\/p>\n\n\n\n<div style=\"height:49px\" aria-hidden=\"true\" class=\"wp-block-spacer\"><\/div>\n\n\n\n<p>2024 Symposium and General Assembly of the AIPP<\/p>\n\n\n\n<div style=\"height:20px\" aria-hidden=\"true\" class=\"wp-block-spacer\"><\/div>\n\n\n\n<p>The second symposium of the International Academy of Prehistory and Protohistory will be held in Poznan (Poland) on 30 September 2024 at the premises of the Polish Academy of Sciences, at the invitation of our colleague Jacek Kabacinski. The symposium 2024 is open to those present physically. The symposium will also be accessible online for all those who wish to listen to the presentations and participate in the discussions.<\/p>\n\n\n\n<p>The general assembly of the Academy will take place on October 1st from 10 a.m. to 1 p.m. The general assembly is reserved for members of the Academy, present physically or online.<\/p>\n\n\n\n<p>Le deuxi\u00e8me symposium de l\u2019Acad\u00e9mie Internationale de Pr\u00e9histoire et de Protohistoire se tiendra \u00e0 Poznan (Pologne)&nbsp; le 30 septembre 2024 dans les locaux de l\u2019Acad\u00e9mie polonaise des Sciences, \u00e0 l\u2019invitation de notre coll\u00e8gue Jacek Kabacinski. Le symposium 2024 est ouvert aux personnes pr\u00e9sentes physiquement. Le symposium sera \u00e9galement accessible en ligne pour tous ceux qui d\u00e9sireront \u00e9couter les communications et participer aux discussions.<\/p>\n\n\n\n<p>L\u2019assembl\u00e9e g\u00e9n\u00e9rale de l\u2019Acad\u00e9mie aura lieu le 1<sup>er<\/sup> Octobre de 10h \u00e0 13 heures. Elle est r\u00e9serv\u00e9e aux membres de l\u2019Acad\u00e9mie, pr\u00e9sents physiquement ou en ligne.<\/p>\n\n\n\n<div style=\"height:70px\" aria-hidden=\"true\" class=\"wp-block-spacer\"><\/div>\n\n\n\n<div data-wp-interactive=\"core\/file\" class=\"wp-block-file\"><object data-wp-bind--hidden=\"!state.hasPdfPreview\" hidden class=\"wp-block-file__embed\" data=\"https:\/\/aippacademia.org\/wp-content\/uploads\/2024\/10\/AIPP-2024-Symposium-Program-final-final-3.pdf\" type=\"application\/pdf\" style=\"width:100%;height:600px\" aria-label=\"Contenu embarqu\u00e9 AIPP-2024-Symposium-Program.\"><\/object><a id=\"wp-block-file--media-5e65f72f-5763-4b55-96fe-14d6ee1194bb\" href=\"https:\/\/aippacademia.org\/wp-content\/uploads\/2024\/10\/AIPP-2024-Symposium-Program-final-final-3.pdf\">AIPP-2024-Symposium-Program<\/a><a href=\"https:\/\/aippacademia.org\/wp-content\/uploads\/2024\/10\/AIPP-2024-Symposium-Program-final-final-3.pdf\" class=\"wp-block-file__button wp-element-button\" download aria-describedby=\"wp-block-file--media-5e65f72f-5763-4b55-96fe-14d6ee1194bb\">Download<\/a><\/div>\n\n\n\n<div style=\"height:100px\" aria-hidden=\"true\" class=\"wp-block-spacer\"><\/div>\n\n\n\n<hr class=\"wp-block-separator has-alpha-channel-opacity is-style-wide\"\/>\n\n\n\n<div style=\"height:100px\" aria-hidden=\"true\" class=\"wp-block-spacer\"><\/div>\n\n\n\n<p><strong><em>Symposium 2023<\/em><\/strong><\/p>\n\n\n\n<div style=\"height:22px\" aria-hidden=\"true\" class=\"wp-block-spacer\"><\/div>\n\n\n\n<div style=\"height:20px\" aria-hidden=\"true\" class=\"wp-block-spacer\"><\/div>\n\n\n\n<p>Minutes of the first AIPP symposium and the AIPP General Assembly 2023<\/p>\n\n\n\n<p>Compte-rendu du premier symposium AIPP et de l\u2019assembl\u00e9e g\u00e9n\u00e9rale AIPP 2023&nbsp;<\/p>\n\n\n\n<p>The first AIPP General Assembly took place on June 3, 2023, at the Institute of Human Paleontology (IPH) in Paris, hosted by our colleague Professor Henry de Lumley.<\/p>\n\n\n\n<p>La premi\u00e8re assembl\u00e9e g\u00e9n\u00e9rale de l\u2019AIPP s\u2019est d\u00e9roul\u00e9e le 3 Juin 2023, \u00e0 l\u2019Institut de Pal\u00e9ontologie Humaine (IPH) \u00e0 Paris, accueillie par notre coll\u00e8gue le Professeur Henry de Lumley.<\/p>\n\n\n\n<p>On June 2nd, the AIPP organized a symposium open to the general public in the IPH amphitheater, the program of which was as follows:<\/p>\n\n\n\n<p>Le 2 Juin, l\u2019AIPP a organis\u00e9 un symposium ouvert au grand public dans l\u2019amphith\u00e9\u00e2tre de l\u2019IPH, dont le programme \u00e9tait le suivant&nbsp;:<\/p>\n\n\n\n<p>10 h&nbsp;&nbsp;&nbsp;&nbsp; Introduction by the President<\/p>\n\n\n\n<p>10h10\/10h 30<\/p>\n\n\n\n<p>Henry de Lumley : \u00ab&nbsp;Evolution du climat au Pl\u00e9istoc\u00e8ne inf\u00e9rieur et premier peuplement de l\u2019Europe&nbsp;\u00bb<\/p>\n\n\n\n<p>10h30-11h<\/p>\n\n\n\n<p>Francis Thackeray&nbsp;: &#8220;Quantification of morphological variability expressed by a \u201clog sem\u201d statistic in the context of human evolution <em>(Australopithecus<\/em>, <em>Paranthropus<\/em> and early <em>Homo<\/em>)&#8221;<\/p>\n\n\n\n<p>11h -11h30<\/p>\n\n\n\n<p>Fran\u00e7ois Djindjian : \u201cL\u2019importance du d\u00e9terminisme climatique dans l\u2019\u00e9volution de l\u2019Humanit\u00e9&nbsp;\u00bb<\/p>\n\n\n\n<p>11h30-12h<\/p>\n\n\n\n<p>Martin Oliva : \u00ab&nbsp;L\u2019\u00e9volution culturelle et l\u2019interpr\u00e9tation des donn\u00e9es. Quelques exemples&nbsp;\u00bb.<\/p>\n\n\n\n<p>12h-12h30<\/p>\n\n\n\n<p>Lioudmila Iakovleva : \u00ab&nbsp;Le M\u00e9zinien: un exemple d\u2019adaptation climatique et culturelle aux steppes froides des zones pl\u00e9niglaciaires d\u2019Europe orientale: Etat actuel des recherches, discussions et interpr\u00e9tations \u00bb<\/p>\n\n\n\n<p>13h30-14h<\/p>\n\n\n\n<p>Jacek Kabacinski : \u201cExploring the life of Central European hunter-gatherers: research on Polish Mesolithic peat-bog sites\u201d<\/p>\n\n\n\n<p>14h-14h30<\/p>\n\n\n\n<p>Mehmet \u00d6zdo\u011fan : \u00ab&nbsp;Cultural Changes during the Transformation of Neolithic Way of Living from Anatolia to Balkans&nbsp;\u00bb<\/p>\n\n\n\n<p>14h30-15h<\/p>\n\n\n\n<p>Chris Scarre : \u00ab&nbsp;Megaliths, islands and mobility in Neolithic Northwest Europe&nbsp;\u00bb<\/p>\n\n\n\n<p>15h-15h30<\/p>\n\n\n\n<p>Hans Gebel : \u00ab&nbsp;The Rajajil Cultures: Socio-Economic and Cultural Evolution Reacting to Climate Change in Northern Arabia (4500-3500 BCE)&nbsp;\u00bb<\/p>\n\n\n\n<p>15h30-16h<\/p>\n\n\n\n<p>Svend Hansen : \u00ab&nbsp;Research on Technological and Social Innovations in Prehistory. New Perspectives for Archaeology&nbsp;\u00bb<\/p>\n\n\n\n<p>16h-16h30<\/p>\n\n\n\n<p>Dolores Piperno : \u00ab&nbsp;The Past (and Future?) of Our Crop Plants and Their Wild Ancestors in Changing Global Environments:&nbsp;Developmental Plasticity and Maize Evolution&nbsp;\u00bb<\/p>\n\n\n\n<p>16h30-17h<\/p>\n\n\n\n<p>Kristian Kristiansen : \u00ab&nbsp;Institutions and their transformation from the 3rd to the 2nd millennium BC in temperate Europe: environmental, linguistic and genetic implications&nbsp;\u00bb<\/p>\n\n\n\n<figure class=\"wp-block-gallery has-nested-images columns-default is-cropped wp-block-gallery-1 is-layout-flex wp-block-gallery-is-layout-flex\">\n<figure class=\"wp-block-image size-large\"><img loading=\"lazy\" decoding=\"async\" width=\"1024\" height=\"587\" data-id=\"267\" src=\"https:\/\/aippacademia.org\/wp-content\/uploads\/2024\/09\/1-Symposium-1-AIPP-Paris-Photo-L.Iakovleva-5-1024x587.jpg\" alt=\"\" class=\"wp-image-267\" srcset=\"https:\/\/aippacademia.org\/wp-content\/uploads\/2024\/09\/1-Symposium-1-AIPP-Paris-Photo-L.Iakovleva-5-1024x587.jpg 1024w, https:\/\/aippacademia.org\/wp-content\/uploads\/2024\/09\/1-Symposium-1-AIPP-Paris-Photo-L.Iakovleva-5-300x172.jpg 300w, https:\/\/aippacademia.org\/wp-content\/uploads\/2024\/09\/1-Symposium-1-AIPP-Paris-Photo-L.Iakovleva-5-768x440.jpg 768w, https:\/\/aippacademia.org\/wp-content\/uploads\/2024\/09\/1-Symposium-1-AIPP-Paris-Photo-L.Iakovleva-5-1536x881.jpg 1536w, https:\/\/aippacademia.org\/wp-content\/uploads\/2024\/09\/1-Symposium-1-AIPP-Paris-Photo-L.Iakovleva-5-2048x1175.jpg 2048w, https:\/\/aippacademia.org\/wp-content\/uploads\/2024\/09\/1-Symposium-1-AIPP-Paris-Photo-L.Iakovleva-5-18x10.jpg 18w\" sizes=\"auto, (max-width: 1024px) 100vw, 1024px\" \/><\/figure>\n\n\n\n<figure class=\"wp-block-image size-large\"><img loading=\"lazy\" decoding=\"async\" width=\"1024\" height=\"768\" data-id=\"268\" src=\"https:\/\/aippacademia.org\/wp-content\/uploads\/2024\/09\/2-Symposium-1-AIPP-Paris-Photo-L.Iakovleva-1-1024x768.jpg\" alt=\"\" class=\"wp-image-268\" srcset=\"https:\/\/aippacademia.org\/wp-content\/uploads\/2024\/09\/2-Symposium-1-AIPP-Paris-Photo-L.Iakovleva-1-1024x768.jpg 1024w, https:\/\/aippacademia.org\/wp-content\/uploads\/2024\/09\/2-Symposium-1-AIPP-Paris-Photo-L.Iakovleva-1-300x225.jpg 300w, https:\/\/aippacademia.org\/wp-content\/uploads\/2024\/09\/2-Symposium-1-AIPP-Paris-Photo-L.Iakovleva-1-768x576.jpg 768w, https:\/\/aippacademia.org\/wp-content\/uploads\/2024\/09\/2-Symposium-1-AIPP-Paris-Photo-L.Iakovleva-1-1536x1152.jpg 1536w, https:\/\/aippacademia.org\/wp-content\/uploads\/2024\/09\/2-Symposium-1-AIPP-Paris-Photo-L.Iakovleva-1-2048x1536.jpg 2048w, https:\/\/aippacademia.org\/wp-content\/uploads\/2024\/09\/2-Symposium-1-AIPP-Paris-Photo-L.Iakovleva-1-16x12.jpg 16w\" sizes=\"auto, (max-width: 1024px) 100vw, 1024px\" \/><\/figure>\n\n\n\n<figure class=\"wp-block-image size-large\"><img loading=\"lazy\" decoding=\"async\" width=\"1024\" height=\"768\" data-id=\"269\" src=\"https:\/\/aippacademia.org\/wp-content\/uploads\/2024\/09\/3-Symposium-1-AIPP-Paris-Photo-L.Iakovleva-2-1024x768.jpg\" alt=\"\" class=\"wp-image-269\" srcset=\"https:\/\/aippacademia.org\/wp-content\/uploads\/2024\/09\/3-Symposium-1-AIPP-Paris-Photo-L.Iakovleva-2-1024x768.jpg 1024w, https:\/\/aippacademia.org\/wp-content\/uploads\/2024\/09\/3-Symposium-1-AIPP-Paris-Photo-L.Iakovleva-2-300x225.jpg 300w, https:\/\/aippacademia.org\/wp-content\/uploads\/2024\/09\/3-Symposium-1-AIPP-Paris-Photo-L.Iakovleva-2-768x576.jpg 768w, https:\/\/aippacademia.org\/wp-content\/uploads\/2024\/09\/3-Symposium-1-AIPP-Paris-Photo-L.Iakovleva-2-1536x1152.jpg 1536w, https:\/\/aippacademia.org\/wp-content\/uploads\/2024\/09\/3-Symposium-1-AIPP-Paris-Photo-L.Iakovleva-2-2048x1536.jpg 2048w, https:\/\/aippacademia.org\/wp-content\/uploads\/2024\/09\/3-Symposium-1-AIPP-Paris-Photo-L.Iakovleva-2-16x12.jpg 16w\" sizes=\"auto, (max-width: 1024px) 100vw, 1024px\" \/><\/figure>\n<\/figure>\n\n\n\n<p><\/p>","protected":false},"excerpt":{"rendered":"<p>First Proceedings of the International Academy of Prehistory and Protohistory (AIPP) The volume contains the papers given at a symposium organized by the International Academy of Prehistory and Protohistory at the Institute of Human Paleontology in Paris, on June 3, 2023. The chosen theme \u201cDeterminisms in prehistoric societies: climate change, [&hellip;]<\/p>\n","protected":false},"author":1,"featured_media":0,"parent":0,"menu_order":0,"comment_status":"closed","ping_status":"closed","template":"","meta":{"_monsterinsights_skip_tracking":false,"_monsterinsights_sitenote_active":false,"_monsterinsights_sitenote_note":"","_monsterinsights_sitenote_category":0,"_themeisle_gutenberg_block_has_review":false,"footnotes":""},"class_list":["post-258","page","type-page","status-publish","hentry"],"yoast_head":"<!-- This site is optimized with the Yoast SEO plugin v27.4 - https:\/\/yoast.com\/product\/yoast-seo-wordpress\/ -->\n<title>EVENTS - AIPP<\/title>\n<meta name=\"robots\" content=\"index, follow, max-snippet:-1, max-image-preview:large, max-video-preview:-1\" \/>\n<link rel=\"canonical\" href=\"https:\/\/aippacademia.org\/fr\/events\/\" \/>\n<meta property=\"og:locale\" content=\"fr_FR\" \/>\n<meta property=\"og:type\" content=\"article\" \/>\n<meta property=\"og:title\" content=\"EVENTS - AIPP\" \/>\n<meta property=\"og:description\" content=\"First Proceedings of the International Academy of Prehistory and Protohistory (AIPP) The volume contains the papers given at a symposium organized by the International Academy of Prehistory and Protohistory at the Institute of Human Paleontology in Paris, on June 3, 2023. The chosen theme \u201cDeterminisms in prehistoric societies: climate change, [&hellip;]\" \/>\n<meta property=\"og:url\" content=\"https:\/\/aippacademia.org\/fr\/events\/\" \/>\n<meta property=\"og:site_name\" content=\"AIPP\" \/>\n<meta property=\"article:modified_time\" content=\"2025-01-14T14:21:55+00:00\" \/>\n<meta property=\"og:image\" content=\"https:\/\/aippacademia.org\/wp-content\/uploads\/2024\/09\/1-Symposium-1-AIPP-Paris-Photo-L.Iakovleva-5-1024x587.jpg\" \/>\n<meta name=\"twitter:card\" content=\"summary_large_image\" \/>\n<meta name=\"twitter:label1\" content=\"Dur\u00e9e de lecture estim\u00e9e\" \/>\n\t<meta name=\"twitter:data1\" content=\"5 minutes\" \/>\n<script type=\"application\/ld+json\" class=\"yoast-schema-graph\">{\"@context\":\"https:\\\/\\\/schema.org\",\"@graph\":[{\"@type\":\"WebPage\",\"@id\":\"https:\\\/\\\/aippacademia.org\\\/events\\\/\",\"url\":\"https:\\\/\\\/aippacademia.org\\\/events\\\/\",\"name\":\"EVENTS - AIPP\",\"isPartOf\":{\"@id\":\"https:\\\/\\\/aippacademia.org\\\/en\\\/#website\"},\"primaryImageOfPage\":{\"@id\":\"https:\\\/\\\/aippacademia.org\\\/events\\\/#primaryimage\"},\"image\":{\"@id\":\"https:\\\/\\\/aippacademia.org\\\/events\\\/#primaryimage\"},\"thumbnailUrl\":\"https:\\\/\\\/aippacademia.org\\\/wp-content\\\/uploads\\\/2024\\\/09\\\/1-Symposium-1-AIPP-Paris-Photo-L.Iakovleva-5-1024x587.jpg\",\"datePublished\":\"2024-09-26T14:56:09+00:00\",\"dateModified\":\"2025-01-14T14:21:55+00:00\",\"breadcrumb\":{\"@id\":\"https:\\\/\\\/aippacademia.org\\\/events\\\/#breadcrumb\"},\"inLanguage\":\"fr-FR\",\"potentialAction\":[{\"@type\":\"ReadAction\",\"target\":[\"https:\\\/\\\/aippacademia.org\\\/events\\\/\"]}]},{\"@type\":\"ImageObject\",\"inLanguage\":\"fr-FR\",\"@id\":\"https:\\\/\\\/aippacademia.org\\\/events\\\/#primaryimage\",\"url\":\"https:\\\/\\\/aippacademia.org\\\/wp-content\\\/uploads\\\/2024\\\/09\\\/1-Symposium-1-AIPP-Paris-Photo-L.Iakovleva-5-1024x587.jpg\",\"contentUrl\":\"https:\\\/\\\/aippacademia.org\\\/wp-content\\\/uploads\\\/2024\\\/09\\\/1-Symposium-1-AIPP-Paris-Photo-L.Iakovleva-5-1024x587.jpg\"},{\"@type\":\"BreadcrumbList\",\"@id\":\"https:\\\/\\\/aippacademia.org\\\/events\\\/#breadcrumb\",\"itemListElement\":[{\"@type\":\"ListItem\",\"position\":1,\"name\":\"Home\",\"item\":\"https:\\\/\\\/aippacademia.org\\\/en\\\/\"},{\"@type\":\"ListItem\",\"position\":2,\"name\":\"EVENTS\"}]},{\"@type\":\"WebSite\",\"@id\":\"https:\\\/\\\/aippacademia.org\\\/en\\\/#website\",\"url\":\"https:\\\/\\\/aippacademia.org\\\/en\\\/\",\"name\":\"AIPP\",\"description\":\"Acad&eacute;mie Internationale de Pr&eacute;histoire et Protohistoire\",\"publisher\":{\"@id\":\"https:\\\/\\\/aippacademia.org\\\/en\\\/#organization\"},\"potentialAction\":[{\"@type\":\"SearchAction\",\"target\":{\"@type\":\"EntryPoint\",\"urlTemplate\":\"https:\\\/\\\/aippacademia.org\\\/en\\\/?s={search_term_string}\"},\"query-input\":{\"@type\":\"PropertyValueSpecification\",\"valueRequired\":true,\"valueName\":\"search_term_string\"}}],\"inLanguage\":\"fr-FR\"},{\"@type\":\"Organization\",\"@id\":\"https:\\\/\\\/aippacademia.org\\\/en\\\/#organization\",\"name\":\"AIPP\",\"url\":\"https:\\\/\\\/aippacademia.org\\\/en\\\/\",\"logo\":{\"@type\":\"ImageObject\",\"inLanguage\":\"fr-FR\",\"@id\":\"https:\\\/\\\/aippacademia.org\\\/en\\\/#\\\/schema\\\/logo\\\/image\\\/\",\"url\":\"https:\\\/\\\/aippacademia.org\\\/wp-content\\\/uploads\\\/2024\\\/04\\\/AIPP_logo.png\",\"contentUrl\":\"https:\\\/\\\/aippacademia.org\\\/wp-content\\\/uploads\\\/2024\\\/04\\\/AIPP_logo.png\",\"width\":371,\"height\":234,\"caption\":\"AIPP\"},\"image\":{\"@id\":\"https:\\\/\\\/aippacademia.org\\\/en\\\/#\\\/schema\\\/logo\\\/image\\\/\"}}]}<\/script>\n<!-- \/ Yoast SEO plugin. -->","yoast_head_json":{"title":"EVENTS - AIPP","robots":{"index":"index","follow":"follow","max-snippet":"max-snippet:-1","max-image-preview":"max-image-preview:large","max-video-preview":"max-video-preview:-1"},"canonical":"https:\/\/aippacademia.org\/fr\/events\/","og_locale":"fr_FR","og_type":"article","og_title":"EVENTS - AIPP","og_description":"First Proceedings of the International Academy of Prehistory and Protohistory (AIPP) The volume contains the papers given at a symposium organized by the International Academy of Prehistory and Protohistory at the Institute of Human Paleontology in Paris, on June 3, 2023. The chosen theme \u201cDeterminisms in prehistoric societies: climate change, [&hellip;]","og_url":"https:\/\/aippacademia.org\/fr\/events\/","og_site_name":"AIPP","article_modified_time":"2025-01-14T14:21:55+00:00","og_image":[{"url":"https:\/\/aippacademia.org\/wp-content\/uploads\/2024\/09\/1-Symposium-1-AIPP-Paris-Photo-L.Iakovleva-5-1024x587.jpg","type":"","width":"","height":""}],"twitter_card":"summary_large_image","twitter_misc":{"Dur\u00e9e de lecture estim\u00e9e":"5 minutes"},"schema":{"@context":"https:\/\/schema.org","@graph":[{"@type":"WebPage","@id":"https:\/\/aippacademia.org\/events\/","url":"https:\/\/aippacademia.org\/events\/","name":"EVENTS - AIPP","isPartOf":{"@id":"https:\/\/aippacademia.org\/en\/#website"},"primaryImageOfPage":{"@id":"https:\/\/aippacademia.org\/events\/#primaryimage"},"image":{"@id":"https:\/\/aippacademia.org\/events\/#primaryimage"},"thumbnailUrl":"https:\/\/aippacademia.org\/wp-content\/uploads\/2024\/09\/1-Symposium-1-AIPP-Paris-Photo-L.Iakovleva-5-1024x587.jpg","datePublished":"2024-09-26T14:56:09+00:00","dateModified":"2025-01-14T14:21:55+00:00","breadcrumb":{"@id":"https:\/\/aippacademia.org\/events\/#breadcrumb"},"inLanguage":"fr-FR","potentialAction":[{"@type":"ReadAction","target":["https:\/\/aippacademia.org\/events\/"]}]},{"@type":"ImageObject","inLanguage":"fr-FR","@id":"https:\/\/aippacademia.org\/events\/#primaryimage","url":"https:\/\/aippacademia.org\/wp-content\/uploads\/2024\/09\/1-Symposium-1-AIPP-Paris-Photo-L.Iakovleva-5-1024x587.jpg","contentUrl":"https:\/\/aippacademia.org\/wp-content\/uploads\/2024\/09\/1-Symposium-1-AIPP-Paris-Photo-L.Iakovleva-5-1024x587.jpg"},{"@type":"BreadcrumbList","@id":"https:\/\/aippacademia.org\/events\/#breadcrumb","itemListElement":[{"@type":"ListItem","position":1,"name":"Home","item":"https:\/\/aippacademia.org\/en\/"},{"@type":"ListItem","position":2,"name":"EVENTS"}]},{"@type":"WebSite","@id":"https:\/\/aippacademia.org\/en\/#website","url":"https:\/\/aippacademia.org\/en\/","name":"AIPP","description":"Acad&eacute;mie Internationale de Pr&eacute;histoire et Protohistoire","publisher":{"@id":"https:\/\/aippacademia.org\/en\/#organization"},"potentialAction":[{"@type":"SearchAction","target":{"@type":"EntryPoint","urlTemplate":"https:\/\/aippacademia.org\/en\/?s={search_term_string}"},"query-input":{"@type":"PropertyValueSpecification","valueRequired":true,"valueName":"search_term_string"}}],"inLanguage":"fr-FR"},{"@type":"Organization","@id":"https:\/\/aippacademia.org\/en\/#organization","name":"AIPP","url":"https:\/\/aippacademia.org\/en\/","logo":{"@type":"ImageObject","inLanguage":"fr-FR","@id":"https:\/\/aippacademia.org\/en\/#\/schema\/logo\/image\/","url":"https:\/\/aippacademia.org\/wp-content\/uploads\/2024\/04\/AIPP_logo.png","contentUrl":"https:\/\/aippacademia.org\/wp-content\/uploads\/2024\/04\/AIPP_logo.png","width":371,"height":234,"caption":"AIPP"},"image":{"@id":"https:\/\/aippacademia.org\/en\/#\/schema\/logo\/image\/"}}]}},"_links":{"self":[{"href":"https:\/\/aippacademia.org\/fr\/wp-json\/wp\/v2\/pages\/258","targetHints":{"allow":["GET"]}}],"collection":[{"href":"https:\/\/aippacademia.org\/fr\/wp-json\/wp\/v2\/pages"}],"about":[{"href":"https:\/\/aippacademia.org\/fr\/wp-json\/wp\/v2\/types\/page"}],"author":[{"embeddable":true,"href":"https:\/\/aippacademia.org\/fr\/wp-json\/wp\/v2\/users\/1"}],"replies":[{"embeddable":true,"href":"https:\/\/aippacademia.org\/fr\/wp-json\/wp\/v2\/comments?post=258"}],"version-history":[{"count":5,"href":"https:\/\/aippacademia.org\/fr\/wp-json\/wp\/v2\/pages\/258\/revisions"}],"predecessor-version":[{"id":319,"href":"https:\/\/aippacademia.org\/fr\/wp-json\/wp\/v2\/pages\/258\/revisions\/319"}],"wp:attachment":[{"href":"https:\/\/aippacademia.org\/fr\/wp-json\/wp\/v2\/media?parent=258"}],"curies":[{"name":"wp","href":"https:\/\/api.w.org\/{rel}","templated":true}]}}