{"id":2,"date":"2022-07-11T17:03:00","date_gmt":"2022-07-11T17:03:00","guid":{"rendered":"http:\/\/box5374\/cgi\/addon_GT.cgi?s=GT::WP::Install::EIG+%28aippacad%29+-+10.24.48.84+%5BWordpress%3b+\/var\/hp\/common\/lib\/Wordpress.pm%3b+549%3b+Hosting::gap_call%5D\/?page_id=2"},"modified":"2026-05-12T19:10:01","modified_gmt":"2026-05-12T19:10:01","slug":"home","status":"publish","type":"page","link":"https:\/\/aippacademia.org\/fr\/","title":{"rendered":"L\u2019Acad\u00e9mie Internationale de Pr\u00e9histoire et de Protohistoire"},"content":{"rendered":"<section id=\"wp-block-themeisle-blocks-advanced-columns-ccfdd483\" class=\"wp-block-themeisle-blocks-advanced-columns alignfull has-1-columns has-desktop-equal-layout has-tablet-equal-layout has-mobile-collapsedRows-layout has-vertical-center has-light-bg\"><div class=\"wp-block-themeisle-blocks-advanced-columns-overlay\"><\/div><div class=\"innerblocks-wrap\">\n<div id=\"wp-block-themeisle-blocks-advanced-column-5e80d468\" class=\"wp-block-themeisle-blocks-advanced-column\">\n<div id=\"wp-block-themeisle-blocks-advanced-heading-32e5a6a4\" class=\"wp-block-themeisle-blocks-advanced-heading wp-block-themeisle-blocks-advanced-heading-32e5a6a4\"><strong>About us<\/strong><\/div>\n\n\n\n<h2 class=\"wp-block-heading has-text-align-left has-text-color has-link-color wp-elements-41ec9ac3fd191a63eea501cbebac4656\" style=\"color:#080808;margin-top:25px;font-size:50px;line-height:1.2\">L\u2019Acad\u00e9mie Internationale de Pr\u00e9histoire et de Protohistoire<\/h2>\n\n\n\n\n\n<p>L\u2019Acad\u00e9mie Internationale de Pr\u00e9histoire et de Protohistoire (AIPP) a \u00e9t\u00e9 cr\u00e9e le 7 d\u00e9cembre 2021 \u00e0 Paris, comme une association loi 1901, sous l\u2019impulsion de l\u2019UISPP.<\/p>\n\n\n\n<p>L\u2019AIPP a pour mission de contribuer au progr\u00e8s de la connaissance scientifique de la pr\u00e9histoire et de la protohistoire. Elle constitue une assembl\u00e9e internationale.<\/p>\n\n\n\n<p>A sa cr\u00e9ation, l\u2019AIPP a d\u00e9fini deux sections, celle des pr\u00e9historiens (chasseurs-cueilleurs) et celle des protohistoriens (agriculteurs-\u00e9leveurs), qui couvrent une p\u00e9riode allant des origines de l\u2019Humanit\u00e9 \u00e0 la fin de l\u2019\u00e2ge du Fer.<\/p>\n\n\n\n<p>L\u2019AIPP cr\u00e9e trois cat\u00e9gories de membres\u00a0: les membres \u00e9m\u00e9rites, les membres effectifs et les membres correspondants<\/p>\n\n\n\n<p>Le nombre de membres de l\u2019AIPP est limit\u00e9 \u00e0 40 membres dans chaque cat\u00e9gorie, r\u00e9partis de fa\u00e7on \u00e9gale entre pr\u00e9historiens et protohistoriens, soit 120 membres au maximum.<\/p>\n\n\n\n<p>Pour garantir l\u2019impartialit\u00e9 dans la nomination des membres effectifs et des membres correspondants, une liste de crit\u00e8res caract\u00e9risant l\u2019activit\u00e9 de la recherche arch\u00e9ologique a \u00e9t\u00e9 \u00e9tablie. Cette liste inclut les dipl\u00f4mes obtenus, le niveau professionnel atteint, les activit\u00e9s de fouilles arch\u00e9ologiques, la production scientifique, la notori\u00e9t\u00e9 internationale, et les distinctions re\u00e7ues.<\/p>\n\n\n\n<p class=\"has-text-align-left has-text-color has-link-color wp-elements-14d1f4100c64039f5340fba0e83d8ead\" style=\"color:#080808\">L\u2019AIPP organise des s\u00e9ances au cours desquelles sont pr\u00e9sent\u00e9es les activit\u00e9s de l\u2019AIPP et sont effectu\u00e9e les op\u00e9rations d\u2019admission des nouveaux membres.<\/p>\n<\/div>\n<\/div><\/section>","protected":false},"excerpt":{"rendered":"","protected":false},"author":1,"featured_media":0,"parent":0,"menu_order":1,"comment_status":"closed","ping_status":"closed","template":"","meta":{"_monsterinsights_skip_tracking":false,"_monsterinsights_sitenote_active":false,"_monsterinsights_sitenote_note":"","_monsterinsights_sitenote_category":0,"_themeisle_gutenberg_block_has_review":false,"footnotes":""},"class_list":["post-2","page","type-page","status-publish","hentry"],"yoast_head":"<!-- This site is optimized with the Yoast SEO plugin v27.6 - https:\/\/yoast.com\/product\/yoast-seo-wordpress\/ -->\n<title>International Academy of Prehistory and Protohistory - AIPP<\/title>\n<meta name=\"robots\" content=\"index, follow, max-snippet:-1, max-image-preview:large, max-video-preview:-1\" \/>\n<link rel=\"canonical\" href=\"https:\/\/aippacademia.org\/fr\/\" \/>\n<meta property=\"og:locale\" content=\"fr_FR\" \/>\n<meta property=\"og:type\" content=\"article\" \/>\n<meta property=\"og:title\" content=\"International Academy of Prehistory and Protohistory - AIPP\" \/>\n<meta property=\"og:url\" content=\"https:\/\/aippacademia.org\/fr\/\" \/>\n<meta property=\"og:site_name\" content=\"AIPP\" \/>\n<meta property=\"article:modified_time\" content=\"2026-05-12T19:10:01+00:00\" \/>\n<meta name=\"twitter:card\" content=\"summary_large_image\" \/>\n<meta name=\"twitter:label1\" content=\"Dur\u00e9e de lecture estim\u00e9e\" \/>\n\t<meta name=\"twitter:data1\" content=\"2 minutes\" \/>\n<script type=\"application\/ld+json\" class=\"yoast-schema-graph\">{\"@context\":\"https:\\\/\\\/schema.org\",\"@graph\":[{\"@type\":\"WebPage\",\"@id\":\"https:\\\/\\\/aippacademia.org\\\/\",\"url\":\"https:\\\/\\\/aippacademia.org\\\/\",\"name\":\"International Academy of Prehistory and Protohistory - AIPP\",\"isPartOf\":{\"@id\":\"https:\\\/\\\/aippacademia.org\\\/en\\\/#website\"},\"datePublished\":\"2022-07-11T17:03:00+00:00\",\"dateModified\":\"2026-05-12T19:10:01+00:00\",\"breadcrumb\":{\"@id\":\"https:\\\/\\\/aippacademia.org\\\/#breadcrumb\"},\"inLanguage\":\"fr-FR\",\"potentialAction\":[{\"@type\":\"ReadAction\",\"target\":[\"https:\\\/\\\/aippacademia.org\\\/\"]}]},{\"@type\":\"BreadcrumbList\",\"@id\":\"https:\\\/\\\/aippacademia.org\\\/#breadcrumb\",\"itemListElement\":[{\"@type\":\"ListItem\",\"position\":1,\"name\":\"Home\",\"item\":\"https:\\\/\\\/aippacademia.org\\\/\"},{\"@type\":\"ListItem\",\"position\":2,\"name\":\"International Academy of Prehistory and Protohistory\"}]},{\"@type\":\"WebSite\",\"@id\":\"https:\\\/\\\/aippacademia.org\\\/en\\\/#website\",\"url\":\"https:\\\/\\\/aippacademia.org\\\/en\\\/\",\"name\":\"AIPP\",\"description\":\"Acad&eacute;mie Internationale de Pr&eacute;histoire et Protohistoire\",\"publisher\":{\"@id\":\"https:\\\/\\\/aippacademia.org\\\/en\\\/#organization\"},\"potentialAction\":[{\"@type\":\"SearchAction\",\"target\":{\"@type\":\"EntryPoint\",\"urlTemplate\":\"https:\\\/\\\/aippacademia.org\\\/en\\\/?s={search_term_string}\"},\"query-input\":{\"@type\":\"PropertyValueSpecification\",\"valueRequired\":true,\"valueName\":\"search_term_string\"}}],\"inLanguage\":\"fr-FR\"},{\"@type\":\"Organization\",\"@id\":\"https:\\\/\\\/aippacademia.org\\\/en\\\/#organization\",\"name\":\"AIPP\",\"url\":\"https:\\\/\\\/aippacademia.org\\\/en\\\/\",\"logo\":{\"@type\":\"ImageObject\",\"inLanguage\":\"fr-FR\",\"@id\":\"https:\\\/\\\/aippacademia.org\\\/en\\\/#\\\/schema\\\/logo\\\/image\\\/\",\"url\":\"https:\\\/\\\/aippacademia.org\\\/wp-content\\\/uploads\\\/2024\\\/04\\\/AIPP_logo.png\",\"contentUrl\":\"https:\\\/\\\/aippacademia.org\\\/wp-content\\\/uploads\\\/2024\\\/04\\\/AIPP_logo.png\",\"width\":371,\"height\":234,\"caption\":\"AIPP\"},\"image\":{\"@id\":\"https:\\\/\\\/aippacademia.org\\\/en\\\/#\\\/schema\\\/logo\\\/image\\\/\"}}]}<\/script>\n<!-- \/ Yoast SEO plugin. -->","yoast_head_json":{"title":"International Academy of Prehistory and Protohistory - AIPP","robots":{"index":"index","follow":"follow","max-snippet":"max-snippet:-1","max-image-preview":"max-image-preview:large","max-video-preview":"max-video-preview:-1"},"canonical":"https:\/\/aippacademia.org\/fr\/","og_locale":"fr_FR","og_type":"article","og_title":"International Academy of Prehistory and Protohistory - AIPP","og_url":"https:\/\/aippacademia.org\/fr\/","og_site_name":"AIPP","article_modified_time":"2026-05-12T19:10:01+00:00","twitter_card":"summary_large_image","twitter_misc":{"Dur\u00e9e de lecture estim\u00e9e":"2 minutes"},"schema":{"@context":"https:\/\/schema.org","@graph":[{"@type":"WebPage","@id":"https:\/\/aippacademia.org\/","url":"https:\/\/aippacademia.org\/","name":"International Academy of Prehistory and Protohistory - AIPP","isPartOf":{"@id":"https:\/\/aippacademia.org\/en\/#website"},"datePublished":"2022-07-11T17:03:00+00:00","dateModified":"2026-05-12T19:10:01+00:00","breadcrumb":{"@id":"https:\/\/aippacademia.org\/#breadcrumb"},"inLanguage":"fr-FR","potentialAction":[{"@type":"ReadAction","target":["https:\/\/aippacademia.org\/"]}]},{"@type":"BreadcrumbList","@id":"https:\/\/aippacademia.org\/#breadcrumb","itemListElement":[{"@type":"ListItem","position":1,"name":"Home","item":"https:\/\/aippacademia.org\/"},{"@type":"ListItem","position":2,"name":"International Academy of Prehistory and Protohistory"}]},{"@type":"WebSite","@id":"https:\/\/aippacademia.org\/en\/#website","url":"https:\/\/aippacademia.org\/en\/","name":"AIPP","description":"Acad&eacute;mie Internationale de Pr&eacute;histoire et Protohistoire","publisher":{"@id":"https:\/\/aippacademia.org\/en\/#organization"},"potentialAction":[{"@type":"SearchAction","target":{"@type":"EntryPoint","urlTemplate":"https:\/\/aippacademia.org\/en\/?s={search_term_string}"},"query-input":{"@type":"PropertyValueSpecification","valueRequired":true,"valueName":"search_term_string"}}],"inLanguage":"fr-FR"},{"@type":"Organization","@id":"https:\/\/aippacademia.org\/en\/#organization","name":"AIPP","url":"https:\/\/aippacademia.org\/en\/","logo":{"@type":"ImageObject","inLanguage":"fr-FR","@id":"https:\/\/aippacademia.org\/en\/#\/schema\/logo\/image\/","url":"https:\/\/aippacademia.org\/wp-content\/uploads\/2024\/04\/AIPP_logo.png","contentUrl":"https:\/\/aippacademia.org\/wp-content\/uploads\/2024\/04\/AIPP_logo.png","width":371,"height":234,"caption":"AIPP"},"image":{"@id":"https:\/\/aippacademia.org\/en\/#\/schema\/logo\/image\/"}}]}},"_links":{"self":[{"href":"https:\/\/aippacademia.org\/fr\/wp-json\/wp\/v2\/pages\/2","targetHints":{"allow":["GET"]}}],"collection":[{"href":"https:\/\/aippacademia.org\/fr\/wp-json\/wp\/v2\/pages"}],"about":[{"href":"https:\/\/aippacademia.org\/fr\/wp-json\/wp\/v2\/types\/page"}],"author":[{"embeddable":true,"href":"https:\/\/aippacademia.org\/fr\/wp-json\/wp\/v2\/users\/1"}],"replies":[{"embeddable":true,"href":"https:\/\/aippacademia.org\/fr\/wp-json\/wp\/v2\/comments?post=2"}],"version-history":[{"count":18,"href":"https:\/\/aippacademia.org\/fr\/wp-json\/wp\/v2\/pages\/2\/revisions"}],"predecessor-version":[{"id":390,"href":"https:\/\/aippacademia.org\/fr\/wp-json\/wp\/v2\/pages\/2\/revisions\/390"}],"wp:attachment":[{"href":"https:\/\/aippacademia.org\/fr\/wp-json\/wp\/v2\/media?parent=2"}],"curies":[{"name":"wp","href":"https:\/\/api.w.org\/{rel}","templated":true}]}}