{"id":524,"date":"2026-05-14T16:38:52","date_gmt":"2026-05-14T16:38:52","guid":{"rendered":"https:\/\/aippacademia.org\/?page_id=524"},"modified":"2026-05-14T16:38:53","modified_gmt":"2026-05-14T16:38:53","slug":"francois-djindjian","status":"publish","type":"page","link":"https:\/\/aippacademia.org\/en\/francois-djindjian\/","title":{"rendered":"Fran\u00e7ois Djindjian"},"content":{"rendered":"\n<div id=\"wp-block-themeisle-blocks-advanced-columns-fa978270\" class=\"wp-block-themeisle-blocks-advanced-columns alignwide has-2-columns has-desktop-oneTwo-layout has-tablet-equal-layout has-mobile-collapsedRows-layout has-vertical-unset\"><div class=\"wp-block-themeisle-blocks-advanced-columns-overlay\"><\/div><div class=\"innerblocks-wrap\">\n<div id=\"wp-block-themeisle-blocks-advanced-column-2a5561ec\" class=\"wp-block-themeisle-blocks-advanced-column\">\n<h2 id=\"wp-block-themeisle-blocks-advanced-heading-0d6cdc6c\" class=\"wp-block-themeisle-blocks-advanced-heading wp-block-themeisle-blocks-advanced-heading-0d6cdc6c\">Academic Titles<\/h2>\n<\/div>\n\n\n\n<div id=\"wp-block-themeisle-blocks-advanced-column-9119adc8\" class=\"wp-block-themeisle-blocks-advanced-column\">\n<ul class=\"wp-block-list\">\n<li>Engineering degree from the Higher School of Centrale Supelec (1974)<\/li>\n\n\n\n<li>Master Solid State Physics from Paris VI (1974)<\/li>\n\n\n\n<li>Master Statistical Mathematics from Paris VI (1975)<\/li>\n\n\n\n<li>PHD Archaeology (1981)<\/li>\n\n\n\n<li>HDR (2005)<\/li>\n<\/ul>\n<\/div>\n<\/div><\/div>\n\n\n\n<div style=\"height:100px\" aria-hidden=\"true\" class=\"wp-block-spacer\"><\/div>\n\n\n\n<div id=\"wp-block-themeisle-blocks-advanced-columns-fd344b65\" class=\"wp-block-themeisle-blocks-advanced-columns alignwide has-2-columns has-desktop-oneTwo-layout has-tablet-equal-layout has-mobile-collapsedRows-layout has-vertical-unset\"><div class=\"wp-block-themeisle-blocks-advanced-columns-overlay\"><\/div><div class=\"innerblocks-wrap\">\n<div id=\"wp-block-themeisle-blocks-advanced-column-82b86a4e\" class=\"wp-block-themeisle-blocks-advanced-column\">\n<h2 id=\"wp-block-themeisle-blocks-advanced-heading-0931f9f4\" class=\"wp-block-themeisle-blocks-advanced-heading wp-block-themeisle-blocks-advanced-heading-0931f9f4\">Professional Activities<\/h2>\n<\/div>\n\n\n\n<div id=\"wp-block-themeisle-blocks-advanced-column-b668b6f3\" class=\"wp-block-themeisle-blocks-advanced-column\">\n<ul class=\"wp-block-list\">\n<li>Lecturer University Paris 1 Pantheon Sorbonne (1980-1990)<\/li>\n\n\n\n<li>Associate professor University Paris 1 Pantheon Sorbonne (1993-2013) chair of Archaeological methods and theory<\/li>\n\n\n\n<li>Associate searcher CNRS UMR 7071 Arscan<\/li>\n<\/ul>\n<\/div>\n<\/div><\/div>\n\n\n\n<div style=\"height:100px\" aria-hidden=\"true\" class=\"wp-block-spacer\"><\/div>\n\n\n\n<div id=\"wp-block-themeisle-blocks-advanced-columns-1387818a\" class=\"wp-block-themeisle-blocks-advanced-columns alignwide has-2-columns has-desktop-oneTwo-layout has-tablet-equal-layout has-mobile-collapsedRows-layout has-vertical-unset\"><div class=\"wp-block-themeisle-blocks-advanced-columns-overlay\"><\/div><div class=\"innerblocks-wrap\">\n<div id=\"wp-block-themeisle-blocks-advanced-column-af43071c\" class=\"wp-block-themeisle-blocks-advanced-column\">\n<h2 id=\"wp-block-themeisle-blocks-advanced-heading-31d15e73\" class=\"wp-block-themeisle-blocks-advanced-heading wp-block-themeisle-blocks-advanced-heading-31d15e73\">Field Activities<\/h2>\n<\/div>\n\n\n\n<div id=\"wp-block-themeisle-blocks-advanced-column-472e14be\" class=\"wp-block-themeisle-blocks-advanced-column\">\n<ul class=\"wp-block-list\">\n<li>Boccard cave (Burgundy)\u00a0: 1974-1980<\/li>\n\n\n\n<li>Gontsy (Ukraine)\u00a0: 1993-2026<\/li>\n<\/ul>\n<\/div>\n<\/div><\/div>\n\n\n\n<div style=\"height:100px\" aria-hidden=\"true\" class=\"wp-block-spacer\"><\/div>\n\n\n\n<div id=\"wp-block-themeisle-blocks-advanced-columns-72b8919e\" class=\"wp-block-themeisle-blocks-advanced-columns alignwide has-2-columns has-desktop-oneTwo-layout has-tablet-equal-layout has-mobile-collapsedRows-layout has-vertical-unset\"><div class=\"wp-block-themeisle-blocks-advanced-columns-overlay\"><\/div><div class=\"innerblocks-wrap\">\n<div id=\"wp-block-themeisle-blocks-advanced-column-afdc11d0\" class=\"wp-block-themeisle-blocks-advanced-column\">\n<h2 id=\"wp-block-themeisle-blocks-advanced-heading-7a6e519f\" class=\"wp-block-themeisle-blocks-advanced-heading wp-block-themeisle-blocks-advanced-heading-7a6e519f\">Academic Production<\/h2>\n<\/div>\n\n\n\n<div id=\"wp-block-themeisle-blocks-advanced-column-7730c63b\" class=\"wp-block-themeisle-blocks-advanced-column\">\n<p id=\"wp-block-themeisle-blocks-advanced-heading-6aba0aa1\" class=\"wp-block-themeisle-blocks-advanced-heading wp-block-themeisle-blocks-advanced-heading-6aba0aa1\"><strong>Books as author<\/strong><\/p>\n\n\n\n<ul class=\"wp-block-list\">\n<li>DJINDJIAN F. (2026)\u00a0: Histoire de l\u2019Arch\u00e9ologie. Paris, Armand Colin<\/li>\n\n\n\n<li>DJINDJIAN F. (2022)\u00a0:Le peuplement pal\u00e9olithique de Haute-Bourgogne en C\u00f4te d\u2019Or (France) dans son contexte r\u00e9gional. London, Archaeopress, 2022<\/li>\n\n\n\n<li>DJINDJIAN F (2017) : <em>L\u2019Arch\u00e9ologie<\/em>. Paris, Armand Colin<\/li>\n\n\n\n<li>IAKOVLEVA L., DJINDJIAN F. (2015)\u00a0: <em>Le site d\u2019habitat \u00e0 cabanes en os de mammouths de Gontsy (Ukraine). Vingti\u00e8me anniversaire des fouilles \u00e0 Gontsy<\/em>. Kiev\u00a0: service de coop\u00e9ration culturelle de l\u2019ambassade de France. 40p. 50 ill.<\/li>\n\n\n\n<li>DJINDJIAN F (2011) : <em>Manuel d\u2019Arch\u00e9ologie<\/em>. Paris, Armand Colin<\/li>\n\n\n\n<li>IAKOVLEVA L. et DJINDJIAN F. (2005) <em>: Le site pal\u00e9olithique de Gontsy et les cabanes en os de mammouth du Pal\u00e9olithique sup\u00e9rieur r\u00e9cent d\u2019Europe orientale. Les campagnes de fouilles 1993-2005 \u00e0 Gontsy<\/em>. Kiev\u00a0: Service d\u2019action culturelle de l\u2019Ambassade de France en Ukraine. 30 p., 32 figures.<\/li>\n\n\n\n<li>DJINDJIAN, F., KOZLOWSKI, J., OTTE, M (1999) : <em>Le Pal\u00e9olithique sup\u00e9rieur en Europe<\/em>. Paris, Armand Colin<\/li>\n\n\n\n<li>DJINDJIAN, F. (1991) : <em>M\u00e9thodes pour l&#8217;Arch\u00e9ologie<\/em>. Paris, Armand Colin, 1991.<\/li>\n<\/ul>\n\n\n\n<p id=\"wp-block-themeisle-blocks-advanced-heading-c5d6167d\" class=\"wp-block-themeisle-blocks-advanced-heading wp-block-themeisle-blocks-advanced-heading-c5d6167d\"><strong>Books as <strong>editor<\/strong><\/strong><\/p>\n\n\n\n<ul class=\"wp-block-list\">\n<li>DJINDJIAN F.(dir.) 2024. Les soci\u00e9t\u00e9s humaines face aux changements climatiques. Volume 3 D\u00e9terminismes dans les soci\u00e9t\u00e9s pr\u00e9historiques London, Archaeopress, 2024<\/li>\n\n\n\n<li>HADJOUIS D., DJINDJIAN F. (eds.) 2023. Historiographie des pr\u00e9historiens et pal\u00e9ontologues d\u2019Afrique du Nord. Proceedings of the XVIX UISPP World Congress (2-7 September 2021, Mekn\u00e8s, Maroc), vol. 1, session 19-G. London, Archaeopress, 2023<\/li>\n\n\n\n<li>DJINDJIAN F.(dir.) (2022). Les soci\u00e9t\u00e9s humaines face aux changements climatiques. Volume 2. La protohistoire, des d\u00e9buts de l\u2019Holoc\u00e8ne au d\u00e9but des temps historiques. London, Archaeopress, 2022<\/li>\n\n\n\n<li>DJINDJIAN F.(dir.) (2022). Les soci\u00e9t\u00e9s humaines face aux changements climatiques. Volume 1. La pr\u00e9histoire des origines de l\u2019Humanit\u00e9 \u00e0 la fin du Pl\u00e9istoc\u00e8ne. London, Archaeopress, 2022<\/li>\n\n\n\n<li>DJINDJIAN F.(\u00e9d.) (2021)<strong>: <\/strong>Historiographie de pr\u00e9historiens et de protohistoriens fran\u00e7ais du XX\u00b0 si\u00e8cle. Proceedings of the XVIII UISPP World Congress (4-9 June 2018, Paris, France). London, Archaeopress, 2021<\/li>\n\n\n\n<li>DJINDJIAN F.,MOSCATI P. (\u00e9d..) (2021)\u00a0: Big data and Archaeology. Proceedings of the XVIII\u00b0 UISPP World Congress (4-9 June 2018, Paris, France), sessions III-1 (T) and III-1 (CA).\u00a0 London, Archaeopress, 2021<\/li>\n\n\n\n<li>DJINDJIAN F. (dir.) (2018)\u00a0: <em>La Pr\u00e9histoire de la France<\/em>. Paris, Hermann<\/li>\n\n\n\n<li>DELLEY G., DIAZ-ANDREU, M., DJINDJIAN F., GUIDI A., KAESER M.A. (2016) : <em>History of Archaeology : International perspectives\u201d<\/em>. Proceedings of the XVII\u00b0 UISPP World Congress, Burgos, 1-7 September 2014, Volume 11, sessions A8b, A4b, A8a. London, Archaeopress archaeology, 2016<\/li>\n\n\n\n<li>DJINDJIAN F., MOSCATI P. (\u00e9d.) (2016) : Dossier Jean-Claude Gardin (1925-2015). Les Nouvelles de l\u2019Arch\u00e9ologie, n\u00b0144, juin 2016<\/li>\n\n\n\n<li>IAKOVLEVA L., DJINDJIAN D. (\u00e9d.), 2016\u00a0: <em>&#8220;L&#8217;art g\u00e9om\u00e9trique de la pr\u00e9histoire \u00e0 nos jours\u00a0\u00bb. <\/em>Actes du IV\u00b0 Colloque Franco-ukrainien d&#8217;Arch\u00e9ologie, Kiev, 23-24 avril 2015, Institut Fran\u00e7ais d&#8217;Ukraine, <a href=\"http:\/\/institutfrancais-ukraine.com\/programmation\/colloque-archeologie\" target=\"_blank\" rel=\"noreferrer noopener\">http:\/\/institutfrancais-ukraine.com\/programmation\/colloque-archeologie<\/a><\/li>\n\n\n\n<li>GILIGNY F., DJINDJIAN F., COSTA L., MOSCATI P., ROBERT S. (2015) : CAA 2014. 21<sup>st<\/sup> century Archaeology, concepts, methods and tools, Proceedings of the 42th CAA conference, Paris, April 2014, Oxford, Archaeopress<\/li>\n\n\n\n<li>COSTA L., DJINDJIAN F., GILIGNY F., \u00e9dts (2014) : Actes des Troisi\u00e8mes Journ\u00e9es Informatique et Arch\u00e9ologie de Paris, JIAP 2012. <em>Archeologia E Calcolatori<\/em>, suppl\u00e9ment 5, 2014.<\/li>\n\n\n\n<li>DJINDJIAN F., ROBERT S. edts (2013)\u00a0: Understanding Landscapes, from Land discovery to their Spatial Organization. Actes du XVI\u00b0 Congr\u00e8s UISPP, Florianopolis, septembre 2011, sessions C19 et C22 BAR Intern. Series, n\u00b02441<\/li>\n\n\n\n<li>IAKOVLEVA L., KORVIN-PIOTROVSKI A., DJINDJIAN F. \u00e9dts (2012)\u00a0: <em>L\u2019arch\u00e9ologie du b\u00e2ti en Europe, de la Pr\u00e9histoire au Moyen-Age<\/em>. Actes du 3\u00b0 congr\u00e8s d\u2019arch\u00e9ologie franco-ukrainien, Paris EHESS 1-3 octobre 2009. Kiev, Korvin-presse<\/li>\n\n\n\n<li>GILIGNY F., COSTA L., DJINDJIAN F., CIEZAR P., DESACHY B., \u00e9dts (2012) : Actes des Deuxi\u00e8mes Journ\u00e9es Informatique et Arch\u00e9ologie de Paris, JIAP2010. <em>Archeologia E Calcolatori<\/em>, suppl\u00e9ment 3, 2012.<\/li>\n\n\n\n<li>DJINDJIAN F., LORRE Ch., TOURET L. \u00e9dts (2009) :<em>Jacques de Morgan (1857-1924), pionnier de l\u2019aventure arch\u00e9ologique. <\/em>Cahiers du Mus\u00e9e d\u2019Antiquit\u00e9s Nationales, n\u00b01, 2009, 190 pages, 99 figures<\/li>\n\n\n\n<li>DJINDJIAN, F., KOZLOWSKI, J., BICHO N. \u00e9dts (2009) : <em>Le concept de territoires pour les chasseurs cueilleurs du Pal\u00e9olithique sup\u00e9rieur europ\u00e9en<\/em>. Session C16, XV\u00b0 Congr\u00e8s UISPP; Lisbonne, 4-9 septembre 2006, vol.3. BAR Intern. Series, n\u00b01938<\/li>\n\n\n\n<li>DJINDJIAN F., OOSTERBEEK L. \u00e9dts (2009)\u00a0: <em>Espaces symboliques dans l\u2019art pr\u00e9historique<\/em>. Session C28, XV\u00b0 Congr\u00e8s UISPP; Lisbonne, 4-9 septembre 2006, vol.40. BAR International Series n\u00b01999, 120p.<\/li>\n\n\n\n<li>DJINDJIAN F., NOIZET H., COSTA L., POUGET F. \u00e9dts (2008) : <em>Webmapping in the Historical and Archaeological Sciences<\/em>. Actes des Premi\u00e8res Journ\u00e9es Informatique et Arch\u00e9ologie de Paris, JIAP2008, <em>Archeologia e Calcolatori<\/em>, n\u00b019, 2008<\/li>\n\n\n\n<li>DJINDJIAN F., CHATAIGNER Ch., DESCHAMPS St. Edts (2007) : <em>L\u2019Arm\u00e9nie des Origines<\/em>. Les Dossiers de l\u2019Arch\u00e9ologie n\u00b0319, 95 pages. Juin 2007, Dijon\u00a0: Editions Faton.<\/li>\n\n\n\n<li>DJINDJIAN F., IAKOVLEVA L. \u00e9dts (2003)\u00a0: <em>L\u2019homme pr\u00e9historique au temps des mammouths<\/em>. Les Dossiers de l\u2019Arch\u00e9ologie, n\u00b0291.<\/li>\n\n\n\n<li>DJINDJIAN F., MOSCATI P. \u00e9dts (2002) : XIV\u00b0 Congr\u00e8s UISPP (Li\u00e8ge, septembre 2001). UISPP Commission IV: Proceedings of the symposia 1.3, 1.5, 1.8, 1.10. Archeologia E Calcolatori, n\u00b013, 2002, 332<\/li>\n\n\n\n<li>DJINDJIAN F., MOHEN J.P. \u00e9dts (2001) : <em>L&#8217;Or des Rois Scythes<\/em>. Les Dossiers de l&#8217;Arch\u00e9ologie n\u00b0266.<\/li>\n\n\n\n<li>DJINDJIAN, F. \u00e9dt (1990) : Num\u00e9ro sp\u00e9cial Arch\u00e9ologie. <em>Histoire et mesure<\/em>, vol.5, n\u00b01-2<\/li>\n\n\n\n<li>DJINDJIAN, F., DUCASSE H. \u00e9dts (1987) <em>: Math\u00e9matiques et Informatique appliqu\u00e9es \u00e0 l&#8217;Arch\u00e9ologie<\/em>. Conseil de l&#8217;Europe : PACT 16, 1987 DJINDJIAN, F., LEREDDE H. \u00e9dts (1980) : L&#8217;analyse des objets arch\u00e9ologiques et les proc\u00e9d\u00e9s statistiques d&#8217;interpr\u00e9tation. Les Dossiers de l&#8217;Arch\u00e9ologie, n\u00b042, Dijon, <em>Arch\u00e9ologia<\/em><\/li>\n<\/ul>\n<\/div>\n<\/div><\/div>\n\n\n\n<div style=\"height:100px\" aria-hidden=\"true\" class=\"wp-block-spacer\"><\/div>\n\n\n\n<div id=\"wp-block-themeisle-blocks-advanced-columns-44cc1024\" class=\"wp-block-themeisle-blocks-advanced-columns alignwide has-2-columns has-desktop-oneTwo-layout has-tablet-equal-layout has-mobile-collapsedRows-layout has-vertical-unset\"><div class=\"wp-block-themeisle-blocks-advanced-columns-overlay\"><\/div><div class=\"innerblocks-wrap\">\n<div id=\"wp-block-themeisle-blocks-advanced-column-337d9095\" class=\"wp-block-themeisle-blocks-advanced-column\">\n<h2 id=\"wp-block-themeisle-blocks-advanced-heading-e0da7ffc\" class=\"wp-block-themeisle-blocks-advanced-heading wp-block-themeisle-blocks-advanced-heading-e0da7ffc\">International Reputation<\/h2>\n<\/div>\n\n\n\n<div id=\"wp-block-themeisle-blocks-advanced-column-991447db\" class=\"wp-block-themeisle-blocks-advanced-column\">\n<ul class=\"wp-block-list\">\n<li>Pr\u00e9sident de la commission 4 de l&#8217;U.I.S.P.P. (Union Internationale des Sciences Pr\u00e9historiques et Protohistoriques) : Th\u00e9ories et M\u00e9thodes de l&#8217;Arch\u00e9ologie (2001-2023)<\/li>\n\n\n\n<li>Soci\u00e9t\u00e9 Pr\u00e9historique Fran\u00e7aise\u00a0: Treasurer (1996 -2001)<\/li>\n\n\n\n<li>C.I.P.S.H. (Conseil International de la Philosophie et des Sciences Humaines) de l\u2019UNESCO\u00a0: Vice-Pr\u00e9sident (2010-2018)<\/li>\n\n\n\n<li>U.I.S.P.P. (Union Internationale des Sciences Pr\u00e9historiques et Protohistoriques)\u00a0: Treasurer (2006-2018), President (2018-2024)<\/li>\n\n\n\n<li>President UISPP World Congress, Paris, 2018<\/li>\n\n\n\n<li>President CAA (Computer Applications in Archaeology), Paris, 2014<\/li>\n<\/ul>\n<\/div>\n<\/div><\/div>\n\n\n\n<div style=\"height:100px\" aria-hidden=\"true\" class=\"wp-block-spacer\"><\/div>\n\n\n\n<div id=\"wp-block-themeisle-blocks-advanced-columns-dc9c3c29\" class=\"wp-block-themeisle-blocks-advanced-columns alignwide has-2-columns has-desktop-oneTwo-layout has-tablet-equal-layout has-mobile-collapsedRows-layout has-vertical-unset\"><div class=\"wp-block-themeisle-blocks-advanced-columns-overlay\"><\/div><div class=\"innerblocks-wrap\">\n<div id=\"wp-block-themeisle-blocks-advanced-column-3a10ba99\" class=\"wp-block-themeisle-blocks-advanced-column\">\n<h2 id=\"wp-block-themeisle-blocks-advanced-heading-f2bbf4d2\" class=\"wp-block-themeisle-blocks-advanced-heading wp-block-themeisle-blocks-advanced-heading-f2bbf4d2\">Rewards<\/h2>\n<\/div>\n\n\n\n<div id=\"wp-block-themeisle-blocks-advanced-column-f6ea7059\" class=\"wp-block-themeisle-blocks-advanced-column\">\n<ul class=\"wp-block-list\">\n<li>UISPP Prize 2018 : for Gontsy excavations (1993-2018)<\/li>\n\n\n\n<li>Clio Prize (Special Jury Prize 2016<\/li>\n\n\n\n<li>Jacques de Morgan Prize 2011<\/li>\n<\/ul>\n<\/div>\n<\/div><\/div>\n","protected":false},"excerpt":{"rendered":"","protected":false},"author":2,"featured_media":0,"parent":0,"menu_order":0,"comment_status":"closed","ping_status":"closed","template":"","meta":{"_monsterinsights_skip_tracking":false,"_monsterinsights_sitenote_active":false,"_monsterinsights_sitenote_note":"","_monsterinsights_sitenote_category":0,"_themeisle_gutenberg_block_has_review":false,"footnotes":""},"class_list":["post-524","page","type-page","status-publish","hentry"],"yoast_head":"<!-- This site is optimized with the Yoast SEO plugin v27.6 - https:\/\/yoast.com\/product\/yoast-seo-wordpress\/ -->\n<title>Fran\u00e7ois Djindjian - AIPP<\/title>\n<meta name=\"robots\" content=\"index, follow, max-snippet:-1, max-image-preview:large, max-video-preview:-1\" \/>\n<link rel=\"canonical\" href=\"https:\/\/aippacademia.org\/en\/francois-djindjian\/\" \/>\n<meta property=\"og:locale\" content=\"en_GB\" \/>\n<meta property=\"og:type\" content=\"article\" \/>\n<meta property=\"og:title\" content=\"Fran\u00e7ois Djindjian - AIPP\" \/>\n<meta property=\"og:url\" content=\"https:\/\/aippacademia.org\/en\/francois-djindjian\/\" \/>\n<meta property=\"og:site_name\" content=\"AIPP\" \/>\n<meta property=\"article:modified_time\" content=\"2026-05-14T16:38:53+00:00\" \/>\n<meta name=\"twitter:card\" content=\"summary_large_image\" \/>\n<meta name=\"twitter:label1\" content=\"Estimated reading time\" \/>\n\t<meta name=\"twitter:data1\" content=\"5 minutes\" \/>\n<script type=\"application\/ld+json\" class=\"yoast-schema-graph\">{\"@context\":\"https:\\\/\\\/schema.org\",\"@graph\":[{\"@type\":\"WebPage\",\"@id\":\"https:\\\/\\\/aippacademia.org\\\/francois-djindjian\\\/\",\"url\":\"https:\\\/\\\/aippacademia.org\\\/francois-djindjian\\\/\",\"name\":\"Fran\u00e7ois Djindjian - AIPP\",\"isPartOf\":{\"@id\":\"https:\\\/\\\/aippacademia.org\\\/en\\\/#website\"},\"datePublished\":\"2026-05-14T16:38:52+00:00\",\"dateModified\":\"2026-05-14T16:38:53+00:00\",\"breadcrumb\":{\"@id\":\"https:\\\/\\\/aippacademia.org\\\/francois-djindjian\\\/#breadcrumb\"},\"inLanguage\":\"en-GB\",\"potentialAction\":[{\"@type\":\"ReadAction\",\"target\":[\"https:\\\/\\\/aippacademia.org\\\/francois-djindjian\\\/\"]}]},{\"@type\":\"BreadcrumbList\",\"@id\":\"https:\\\/\\\/aippacademia.org\\\/francois-djindjian\\\/#breadcrumb\",\"itemListElement\":[{\"@type\":\"ListItem\",\"position\":1,\"name\":\"Home\",\"item\":\"https:\\\/\\\/aippacademia.org\\\/\"},{\"@type\":\"ListItem\",\"position\":2,\"name\":\"Fran\u00e7ois Djindjian\"}]},{\"@type\":\"WebSite\",\"@id\":\"https:\\\/\\\/aippacademia.org\\\/en\\\/#website\",\"url\":\"https:\\\/\\\/aippacademia.org\\\/en\\\/\",\"name\":\"AIPP\",\"description\":\"Acad&eacute;mie Internationale de Pr&eacute;histoire et Protohistoire\",\"publisher\":{\"@id\":\"https:\\\/\\\/aippacademia.org\\\/en\\\/#organization\"},\"potentialAction\":[{\"@type\":\"SearchAction\",\"target\":{\"@type\":\"EntryPoint\",\"urlTemplate\":\"https:\\\/\\\/aippacademia.org\\\/en\\\/?s={search_term_string}\"},\"query-input\":{\"@type\":\"PropertyValueSpecification\",\"valueRequired\":true,\"valueName\":\"search_term_string\"}}],\"inLanguage\":\"en-GB\"},{\"@type\":\"Organization\",\"@id\":\"https:\\\/\\\/aippacademia.org\\\/en\\\/#organization\",\"name\":\"AIPP\",\"url\":\"https:\\\/\\\/aippacademia.org\\\/en\\\/\",\"logo\":{\"@type\":\"ImageObject\",\"inLanguage\":\"en-GB\",\"@id\":\"https:\\\/\\\/aippacademia.org\\\/en\\\/#\\\/schema\\\/logo\\\/image\\\/\",\"url\":\"https:\\\/\\\/aippacademia.org\\\/wp-content\\\/uploads\\\/2024\\\/04\\\/AIPP_logo.png\",\"contentUrl\":\"https:\\\/\\\/aippacademia.org\\\/wp-content\\\/uploads\\\/2024\\\/04\\\/AIPP_logo.png\",\"width\":371,\"height\":234,\"caption\":\"AIPP\"},\"image\":{\"@id\":\"https:\\\/\\\/aippacademia.org\\\/en\\\/#\\\/schema\\\/logo\\\/image\\\/\"}}]}<\/script>\n<!-- \/ Yoast SEO plugin. -->","yoast_head_json":{"title":"Fran\u00e7ois Djindjian - AIPP","robots":{"index":"index","follow":"follow","max-snippet":"max-snippet:-1","max-image-preview":"max-image-preview:large","max-video-preview":"max-video-preview:-1"},"canonical":"https:\/\/aippacademia.org\/en\/francois-djindjian\/","og_locale":"en_GB","og_type":"article","og_title":"Fran\u00e7ois Djindjian - AIPP","og_url":"https:\/\/aippacademia.org\/en\/francois-djindjian\/","og_site_name":"AIPP","article_modified_time":"2026-05-14T16:38:53+00:00","twitter_card":"summary_large_image","twitter_misc":{"Estimated reading time":"5 minutes"},"schema":{"@context":"https:\/\/schema.org","@graph":[{"@type":"WebPage","@id":"https:\/\/aippacademia.org\/francois-djindjian\/","url":"https:\/\/aippacademia.org\/francois-djindjian\/","name":"Fran\u00e7ois Djindjian - AIPP","isPartOf":{"@id":"https:\/\/aippacademia.org\/en\/#website"},"datePublished":"2026-05-14T16:38:52+00:00","dateModified":"2026-05-14T16:38:53+00:00","breadcrumb":{"@id":"https:\/\/aippacademia.org\/francois-djindjian\/#breadcrumb"},"inLanguage":"en-GB","potentialAction":[{"@type":"ReadAction","target":["https:\/\/aippacademia.org\/francois-djindjian\/"]}]},{"@type":"BreadcrumbList","@id":"https:\/\/aippacademia.org\/francois-djindjian\/#breadcrumb","itemListElement":[{"@type":"ListItem","position":1,"name":"Home","item":"https:\/\/aippacademia.org\/"},{"@type":"ListItem","position":2,"name":"Fran\u00e7ois Djindjian"}]},{"@type":"WebSite","@id":"https:\/\/aippacademia.org\/en\/#website","url":"https:\/\/aippacademia.org\/en\/","name":"AIPP","description":"Acad&eacute;mie Internationale de Pr&eacute;histoire et Protohistoire","publisher":{"@id":"https:\/\/aippacademia.org\/en\/#organization"},"potentialAction":[{"@type":"SearchAction","target":{"@type":"EntryPoint","urlTemplate":"https:\/\/aippacademia.org\/en\/?s={search_term_string}"},"query-input":{"@type":"PropertyValueSpecification","valueRequired":true,"valueName":"search_term_string"}}],"inLanguage":"en-GB"},{"@type":"Organization","@id":"https:\/\/aippacademia.org\/en\/#organization","name":"AIPP","url":"https:\/\/aippacademia.org\/en\/","logo":{"@type":"ImageObject","inLanguage":"en-GB","@id":"https:\/\/aippacademia.org\/en\/#\/schema\/logo\/image\/","url":"https:\/\/aippacademia.org\/wp-content\/uploads\/2024\/04\/AIPP_logo.png","contentUrl":"https:\/\/aippacademia.org\/wp-content\/uploads\/2024\/04\/AIPP_logo.png","width":371,"height":234,"caption":"AIPP"},"image":{"@id":"https:\/\/aippacademia.org\/en\/#\/schema\/logo\/image\/"}}]}},"_links":{"self":[{"href":"https:\/\/aippacademia.org\/en\/wp-json\/wp\/v2\/pages\/524","targetHints":{"allow":["GET"]}}],"collection":[{"href":"https:\/\/aippacademia.org\/en\/wp-json\/wp\/v2\/pages"}],"about":[{"href":"https:\/\/aippacademia.org\/en\/wp-json\/wp\/v2\/types\/page"}],"author":[{"embeddable":true,"href":"https:\/\/aippacademia.org\/en\/wp-json\/wp\/v2\/users\/2"}],"replies":[{"embeddable":true,"href":"https:\/\/aippacademia.org\/en\/wp-json\/wp\/v2\/comments?post=524"}],"version-history":[{"count":17,"href":"https:\/\/aippacademia.org\/en\/wp-json\/wp\/v2\/pages\/524\/revisions"}],"predecessor-version":[{"id":541,"href":"https:\/\/aippacademia.org\/en\/wp-json\/wp\/v2\/pages\/524\/revisions\/541"}],"wp:attachment":[{"href":"https:\/\/aippacademia.org\/en\/wp-json\/wp\/v2\/media?parent=524"}],"curies":[{"name":"wp","href":"https:\/\/api.w.org\/{rel}","templated":true}]}}