{"id":233,"date":"2024-09-03T14:10:52","date_gmt":"2024-09-03T14:10:52","guid":{"rendered":"https:\/\/aippacademia.org\/?page_id=233"},"modified":"2024-10-09T11:48:21","modified_gmt":"2024-10-09T11:48:21","slug":"news-2","status":"publish","type":"page","link":"https:\/\/aippacademia.org\/en\/news-2\/","title":{"rendered":"NEWS"},"content":{"rendered":"\n<div style=\"height:100px\" aria-hidden=\"true\" class=\"wp-block-spacer\"><\/div>\n\n\n\n<p><strong>2025 Symposium + 2024 Symposium and General Assembly of the AIPP &#8211; UPDATE<\/strong><\/p>\n\n\n\n<p>On the 30<sup>th<\/sup> of September and the 1<sup>st<\/sup> of October 2024, the second symposium and General Assembly of the International Academy of Prehistory and Protohistory was organized in the wonderful building of the Polish Academy of Sciences, located in the central place of Poznan, thanks to the invitation of Jacek Kabacinski and his colleagues.<\/p>\n\n\n\n<p>The present members (see attached photos) coming from Europe, but also Australia and the USA, as well as the numerous members attending online, have made a success of this event.<\/p>\n\n\n\n<p>The symposium, on the theme of \u00ab&nbsp;<em>Migration versus Cultural diffusion in the context of Climate Change<\/em>&nbsp;\u00bb, was rich of a dozen communications given by the members of AIPP and several other invited colleagues which were all of an incredible interest due to several dozen years of field activities and that made a perfect synthesis.<\/p>\n\n\n\n<p>The next symposium and General Assembly will be organized in Berlin, at the beginning of May 2025, hosted by our colleague H. Parzinger.<\/p>\n\n\n\n<div style=\"height:21px\" aria-hidden=\"true\" class=\"wp-block-spacer\"><\/div>\n\n\n\n<p>Le 30 septembre et le 1er octobre 2024, ont \u00e9t\u00e9 organis\u00e9s le deuxi\u00e8me symposium et l\u2019Assembl\u00e9e G\u00e9n\u00e9rale de l\u2019Acad\u00e9mie Internationale de Pr\u00e9histoire et de Protohistoire, dans le magnifique b\u00e2timent de l\u2019Acad\u00e9mie Polonaise des Sciences, situ\u00e9 sur la place centrale de Poznan, gr\u00e2ce \u00e0 l\u2019invitation de Jacek Kabacinski, que nous remercions vivement ainsi que ses coll\u00e8gues.<\/p>\n\n\n\n<p>Les membres pr\u00e9sents (voir photo ci-jointe) venant d\u2019Europe mais aussi d\u2019Australie et des USA ainsi que les nombreux membres en ligne, ont fait de cet \u00e9v\u00e9nement un succ\u00e8s.<\/p>\n\n\n\n<p>Le symposium, sur le th\u00e8me \u00ab&nbsp;<em>Migration versus diffusion culturelle dans le contexte des changements climatiques<\/em>\u00bb a \u00e9t\u00e9 riche d\u2019une douzaine de communications donn\u00e9es par les membres de l\u2019AIPP et aussi de plusieurs coll\u00e8gues invit\u00e9s qui ont toutes \u00e9t\u00e9 d\u2019un int\u00e9r\u00eat incroyable en raison de dizaines d\u2019ann\u00e9es d\u2019activit\u00e9s de terrain et d\u2019une synth\u00e8se parfaite.<\/p>\n\n\n\n<p>Le prochain symposium et assembl\u00e9e g\u00e9n\u00e9rale de 2025 se tiendra \u00e0 Berlin, d\u00e9but mai, \u00e0 l\u2019invitation de notre coll\u00e8gue H. Parzinger.<\/p>\n\n\n\n<div style=\"height:73px\" aria-hidden=\"true\" class=\"wp-block-spacer\"><\/div>\n\n\n\n<figure class=\"wp-block-gallery has-nested-images columns-default is-cropped wp-block-gallery-1 is-layout-flex wp-block-gallery-is-layout-flex\">\n<figure class=\"wp-block-image size-large is-style-default\"><img loading=\"lazy\" decoding=\"async\" width=\"768\" height=\"1024\" data-id=\"306\" src=\"https:\/\/aippacademia.org\/wp-content\/uploads\/2024\/10\/1-bis-768x1024.jpg\" alt=\"\" class=\"wp-image-306\" srcset=\"https:\/\/aippacademia.org\/wp-content\/uploads\/2024\/10\/1-bis-768x1024.jpg 768w, https:\/\/aippacademia.org\/wp-content\/uploads\/2024\/10\/1-bis-225x300.jpg 225w, https:\/\/aippacademia.org\/wp-content\/uploads\/2024\/10\/1-bis-1152x1536.jpg 1152w, https:\/\/aippacademia.org\/wp-content\/uploads\/2024\/10\/1-bis-1536x2048.jpg 1536w, https:\/\/aippacademia.org\/wp-content\/uploads\/2024\/10\/1-bis-9x12.jpg 9w, https:\/\/aippacademia.org\/wp-content\/uploads\/2024\/10\/1-bis-scaled.jpg 1920w\" sizes=\"auto, (max-width: 768px) 100vw, 768px\" \/><\/figure>\n\n\n\n<figure class=\"wp-block-image size-large\"><img loading=\"lazy\" decoding=\"async\" width=\"768\" height=\"1024\" data-id=\"294\" src=\"https:\/\/aippacademia.org\/wp-content\/uploads\/2024\/10\/2-AIPP-Poznan-768x1024.jpg\" alt=\"\" class=\"wp-image-294\" srcset=\"https:\/\/aippacademia.org\/wp-content\/uploads\/2024\/10\/2-AIPP-Poznan-768x1024.jpg 768w, https:\/\/aippacademia.org\/wp-content\/uploads\/2024\/10\/2-AIPP-Poznan-225x300.jpg 225w, https:\/\/aippacademia.org\/wp-content\/uploads\/2024\/10\/2-AIPP-Poznan-1152x1536.jpg 1152w, https:\/\/aippacademia.org\/wp-content\/uploads\/2024\/10\/2-AIPP-Poznan-1536x2048.jpg 1536w, https:\/\/aippacademia.org\/wp-content\/uploads\/2024\/10\/2-AIPP-Poznan-9x12.jpg 9w, https:\/\/aippacademia.org\/wp-content\/uploads\/2024\/10\/2-AIPP-Poznan-scaled.jpg 1920w\" sizes=\"auto, (max-width: 768px) 100vw, 768px\" \/><\/figure>\n\n\n\n<figure class=\"wp-block-image size-large\"><img loading=\"lazy\" decoding=\"async\" width=\"1024\" height=\"755\" data-id=\"295\" src=\"https:\/\/aippacademia.org\/wp-content\/uploads\/2024\/10\/3-AIPP-Poznan-1024x755.jpg\" alt=\"\" class=\"wp-image-295\" srcset=\"https:\/\/aippacademia.org\/wp-content\/uploads\/2024\/10\/3-AIPP-Poznan-1024x755.jpg 1024w, https:\/\/aippacademia.org\/wp-content\/uploads\/2024\/10\/3-AIPP-Poznan-300x221.jpg 300w, https:\/\/aippacademia.org\/wp-content\/uploads\/2024\/10\/3-AIPP-Poznan-768x566.jpg 768w, https:\/\/aippacademia.org\/wp-content\/uploads\/2024\/10\/3-AIPP-Poznan-1536x1132.jpg 1536w, https:\/\/aippacademia.org\/wp-content\/uploads\/2024\/10\/3-AIPP-Poznan-2048x1510.jpg 2048w, https:\/\/aippacademia.org\/wp-content\/uploads\/2024\/10\/3-AIPP-Poznan-16x12.jpg 16w\" sizes=\"auto, (max-width: 1024px) 100vw, 1024px\" \/><\/figure>\n\n\n\n<figure class=\"wp-block-image size-large\"><img loading=\"lazy\" decoding=\"async\" width=\"1024\" height=\"1024\" data-id=\"296\" src=\"https:\/\/aippacademia.org\/wp-content\/uploads\/2024\/10\/4-AIPP-Poznan-1024x1024.jpg\" alt=\"\" class=\"wp-image-296\" srcset=\"https:\/\/aippacademia.org\/wp-content\/uploads\/2024\/10\/4-AIPP-Poznan-1024x1024.jpg 1024w, https:\/\/aippacademia.org\/wp-content\/uploads\/2024\/10\/4-AIPP-Poznan-300x300.jpg 300w, https:\/\/aippacademia.org\/wp-content\/uploads\/2024\/10\/4-AIPP-Poznan-150x150.jpg 150w, https:\/\/aippacademia.org\/wp-content\/uploads\/2024\/10\/4-AIPP-Poznan-768x768.jpg 768w, https:\/\/aippacademia.org\/wp-content\/uploads\/2024\/10\/4-AIPP-Poznan-1536x1536.jpg 1536w, https:\/\/aippacademia.org\/wp-content\/uploads\/2024\/10\/4-AIPP-Poznan-2048x2048.jpg 2048w, https:\/\/aippacademia.org\/wp-content\/uploads\/2024\/10\/4-AIPP-Poznan-12x12.jpg 12w\" sizes=\"auto, (max-width: 1024px) 100vw, 1024px\" \/><\/figure>\n\n\n\n<figure class=\"wp-block-image size-large\"><img loading=\"lazy\" decoding=\"async\" width=\"1024\" height=\"677\" data-id=\"297\" src=\"https:\/\/aippacademia.org\/wp-content\/uploads\/2024\/10\/5-AIPP-Poznan-1024x677.jpg\" alt=\"\" class=\"wp-image-297\" srcset=\"https:\/\/aippacademia.org\/wp-content\/uploads\/2024\/10\/5-AIPP-Poznan-1024x677.jpg 1024w, https:\/\/aippacademia.org\/wp-content\/uploads\/2024\/10\/5-AIPP-Poznan-300x198.jpg 300w, https:\/\/aippacademia.org\/wp-content\/uploads\/2024\/10\/5-AIPP-Poznan-768x508.jpg 768w, https:\/\/aippacademia.org\/wp-content\/uploads\/2024\/10\/5-AIPP-Poznan-1536x1016.jpg 1536w, https:\/\/aippacademia.org\/wp-content\/uploads\/2024\/10\/5-AIPP-Poznan-2048x1354.jpg 2048w, https:\/\/aippacademia.org\/wp-content\/uploads\/2024\/10\/5-AIPP-Poznan-18x12.jpg 18w\" sizes=\"auto, (max-width: 1024px) 100vw, 1024px\" \/><\/figure>\n\n\n\n<figure class=\"wp-block-image size-large\"><img loading=\"lazy\" decoding=\"async\" width=\"1024\" height=\"861\" data-id=\"307\" src=\"https:\/\/aippacademia.org\/wp-content\/uploads\/2024\/10\/8-photo-Poznan-groupe-1024x861.jpg\" alt=\"\" class=\"wp-image-307\" srcset=\"https:\/\/aippacademia.org\/wp-content\/uploads\/2024\/10\/8-photo-Poznan-groupe-1024x861.jpg 1024w, https:\/\/aippacademia.org\/wp-content\/uploads\/2024\/10\/8-photo-Poznan-groupe-300x252.jpg 300w, https:\/\/aippacademia.org\/wp-content\/uploads\/2024\/10\/8-photo-Poznan-groupe-768x646.jpg 768w, https:\/\/aippacademia.org\/wp-content\/uploads\/2024\/10\/8-photo-Poznan-groupe-1536x1292.jpg 1536w, https:\/\/aippacademia.org\/wp-content\/uploads\/2024\/10\/8-photo-Poznan-groupe-2048x1722.jpg 2048w, https:\/\/aippacademia.org\/wp-content\/uploads\/2024\/10\/8-photo-Poznan-groupe-14x12.jpg 14w\" sizes=\"auto, (max-width: 1024px) 100vw, 1024px\" \/><\/figure>\n\n\n\n<figure class=\"wp-block-image size-large\"><img loading=\"lazy\" decoding=\"async\" width=\"1024\" height=\"768\" data-id=\"299\" src=\"https:\/\/aippacademia.org\/wp-content\/uploads\/2024\/10\/7-AIPP-Poznan-1024x768.jpg\" alt=\"\" class=\"wp-image-299\" srcset=\"https:\/\/aippacademia.org\/wp-content\/uploads\/2024\/10\/7-AIPP-Poznan-1024x768.jpg 1024w, https:\/\/aippacademia.org\/wp-content\/uploads\/2024\/10\/7-AIPP-Poznan-300x225.jpg 300w, https:\/\/aippacademia.org\/wp-content\/uploads\/2024\/10\/7-AIPP-Poznan-768x576.jpg 768w, https:\/\/aippacademia.org\/wp-content\/uploads\/2024\/10\/7-AIPP-Poznan-1536x1152.jpg 1536w, https:\/\/aippacademia.org\/wp-content\/uploads\/2024\/10\/7-AIPP-Poznan-2048x1536.jpg 2048w, https:\/\/aippacademia.org\/wp-content\/uploads\/2024\/10\/7-AIPP-Poznan-16x12.jpg 16w\" sizes=\"auto, (max-width: 1024px) 100vw, 1024px\" \/><\/figure>\n<\/figure>\n\n\n\n<div style=\"height:100px\" aria-hidden=\"true\" class=\"wp-block-spacer\"><\/div>\n\n\n\n<hr class=\"wp-block-separator has-alpha-channel-opacity is-style-wide\"\/>\n\n\n\n<div style=\"height:66px\" aria-hidden=\"true\" class=\"wp-block-spacer\"><\/div>\n\n\n\n<p><strong>2024 Symposium and General Assembly of the AIPP<\/strong><\/p>\n\n\n\n<p>The second symposium of the International Academy of Prehistory and Protohistory will be held in Poznan (Poland) on 30 September 2024 at the premises of the Polish Academy of Sciences, at the invitation of our colleague Jacek Kabacinski. The symposium 2024 is open to those present physically. The symposium will also be accessible online for all those who wish to listen to the presentations and participate in the discussions.<\/p>\n\n\n\n<p>The general assembly of the Academy will take place on October 1st from 10 a.m. to 1 p.m. The general assembly is reserved for members of the Academy, present physically or online.<\/p>\n\n\n\n<div style=\"height:20px\" aria-hidden=\"true\" class=\"wp-block-spacer\"><\/div>\n\n\n\n<p>Le deuxi\u00e8me symposium de l\u2019Acad\u00e9mie Internationale de Pr\u00e9histoire et de Protohistoire se tiendra \u00e0 Poznan (Pologne)&nbsp; le 30 septembre 2024 dans les locaux de l\u2019Acad\u00e9mie polonaise des Sciences, \u00e0 l\u2019invitation de notre coll\u00e8gue Jacek Kabacinski. Le symposium 2024 est ouvert aux personnes pr\u00e9sentes physiquement. Le symposium sera \u00e9galement accessible en ligne pour tous ceux qui d\u00e9sireront \u00e9couter les communications et participer aux discussions.<\/p>\n\n\n\n<p>L\u2019assembl\u00e9e g\u00e9n\u00e9rale de l\u2019Acad\u00e9mie aura lieu le 1<sup>er<\/sup> Octobre de 10h \u00e0 13 heures. Elle est r\u00e9serv\u00e9e aux membres de l\u2019Acad\u00e9mie, pr\u00e9sents physiquement ou en ligne.<\/p>\n\n\n\n<div style=\"height:55px\" aria-hidden=\"true\" class=\"wp-block-spacer\"><\/div>\n\n\n\n<p>(PDF can be found under the headline &#8220;Events&#8221;)<\/p>\n","protected":false},"excerpt":{"rendered":"<p>2025 Symposium + 2024 Symposium and General Assembly of the AIPP &#8211; UPDATE On the 30th of September and the 1st of October 2024, the second symposium and General Assembly of the International Academy of Prehistory and Protohistory was organized in the wonderful building of the Polish Academy of Sciences, [&hellip;]<\/p>\n","protected":false},"author":1,"featured_media":0,"parent":0,"menu_order":0,"comment_status":"closed","ping_status":"closed","template":"","meta":{"_monsterinsights_skip_tracking":false,"_monsterinsights_sitenote_active":false,"_monsterinsights_sitenote_note":"","_monsterinsights_sitenote_category":0,"_themeisle_gutenberg_block_has_review":false,"footnotes":""},"class_list":["post-233","page","type-page","status-publish","hentry"],"yoast_head":"<!-- This site is optimized with the Yoast SEO plugin v27.4 - https:\/\/yoast.com\/product\/yoast-seo-wordpress\/ -->\n<title>NEWS - AIPP<\/title>\n<meta name=\"robots\" content=\"index, follow, max-snippet:-1, max-image-preview:large, max-video-preview:-1\" \/>\n<link rel=\"canonical\" href=\"https:\/\/aippacademia.org\/en\/news-2\/\" \/>\n<meta property=\"og:locale\" content=\"en_GB\" \/>\n<meta property=\"og:type\" content=\"article\" \/>\n<meta property=\"og:title\" content=\"NEWS - AIPP\" \/>\n<meta property=\"og:description\" content=\"2025 Symposium + 2024 Symposium and General Assembly of the AIPP &#8211; UPDATE On the 30th of September and the 1st of October 2024, the second symposium and General Assembly of the International Academy of Prehistory and Protohistory was organized in the wonderful building of the Polish Academy of Sciences, [&hellip;]\" \/>\n<meta property=\"og:url\" content=\"https:\/\/aippacademia.org\/en\/news-2\/\" \/>\n<meta property=\"og:site_name\" content=\"AIPP\" \/>\n<meta property=\"article:modified_time\" content=\"2024-10-09T11:48:21+00:00\" \/>\n<meta property=\"og:image\" content=\"https:\/\/aippacademia.org\/wp-content\/uploads\/2024\/10\/1-bis-768x1024.jpg\" \/>\n<meta name=\"twitter:card\" content=\"summary_large_image\" \/>\n<meta name=\"twitter:label1\" content=\"Estimated reading time\" \/>\n\t<meta name=\"twitter:data1\" content=\"4 minutes\" \/>\n<script type=\"application\/ld+json\" class=\"yoast-schema-graph\">{\"@context\":\"https:\\\/\\\/schema.org\",\"@graph\":[{\"@type\":\"WebPage\",\"@id\":\"https:\\\/\\\/aippacademia.org\\\/news-2\\\/\",\"url\":\"https:\\\/\\\/aippacademia.org\\\/news-2\\\/\",\"name\":\"NEWS - AIPP\",\"isPartOf\":{\"@id\":\"https:\\\/\\\/aippacademia.org\\\/en\\\/#website\"},\"primaryImageOfPage\":{\"@id\":\"https:\\\/\\\/aippacademia.org\\\/news-2\\\/#primaryimage\"},\"image\":{\"@id\":\"https:\\\/\\\/aippacademia.org\\\/news-2\\\/#primaryimage\"},\"thumbnailUrl\":\"https:\\\/\\\/aippacademia.org\\\/wp-content\\\/uploads\\\/2024\\\/10\\\/1-bis-768x1024.jpg\",\"datePublished\":\"2024-09-03T14:10:52+00:00\",\"dateModified\":\"2024-10-09T11:48:21+00:00\",\"breadcrumb\":{\"@id\":\"https:\\\/\\\/aippacademia.org\\\/news-2\\\/#breadcrumb\"},\"inLanguage\":\"en-GB\",\"potentialAction\":[{\"@type\":\"ReadAction\",\"target\":[\"https:\\\/\\\/aippacademia.org\\\/news-2\\\/\"]}]},{\"@type\":\"ImageObject\",\"inLanguage\":\"en-GB\",\"@id\":\"https:\\\/\\\/aippacademia.org\\\/news-2\\\/#primaryimage\",\"url\":\"https:\\\/\\\/aippacademia.org\\\/wp-content\\\/uploads\\\/2024\\\/10\\\/1-bis-768x1024.jpg\",\"contentUrl\":\"https:\\\/\\\/aippacademia.org\\\/wp-content\\\/uploads\\\/2024\\\/10\\\/1-bis-768x1024.jpg\"},{\"@type\":\"BreadcrumbList\",\"@id\":\"https:\\\/\\\/aippacademia.org\\\/news-2\\\/#breadcrumb\",\"itemListElement\":[{\"@type\":\"ListItem\",\"position\":1,\"name\":\"Home\",\"item\":\"https:\\\/\\\/aippacademia.org\\\/en\\\/\"},{\"@type\":\"ListItem\",\"position\":2,\"name\":\"NEWS\"}]},{\"@type\":\"WebSite\",\"@id\":\"https:\\\/\\\/aippacademia.org\\\/en\\\/#website\",\"url\":\"https:\\\/\\\/aippacademia.org\\\/en\\\/\",\"name\":\"AIPP\",\"description\":\"Acad&eacute;mie Internationale de Pr&eacute;histoire et Protohistoire\",\"publisher\":{\"@id\":\"https:\\\/\\\/aippacademia.org\\\/en\\\/#organization\"},\"potentialAction\":[{\"@type\":\"SearchAction\",\"target\":{\"@type\":\"EntryPoint\",\"urlTemplate\":\"https:\\\/\\\/aippacademia.org\\\/en\\\/?s={search_term_string}\"},\"query-input\":{\"@type\":\"PropertyValueSpecification\",\"valueRequired\":true,\"valueName\":\"search_term_string\"}}],\"inLanguage\":\"en-GB\"},{\"@type\":\"Organization\",\"@id\":\"https:\\\/\\\/aippacademia.org\\\/en\\\/#organization\",\"name\":\"AIPP\",\"url\":\"https:\\\/\\\/aippacademia.org\\\/en\\\/\",\"logo\":{\"@type\":\"ImageObject\",\"inLanguage\":\"en-GB\",\"@id\":\"https:\\\/\\\/aippacademia.org\\\/en\\\/#\\\/schema\\\/logo\\\/image\\\/\",\"url\":\"https:\\\/\\\/aippacademia.org\\\/wp-content\\\/uploads\\\/2024\\\/04\\\/AIPP_logo.png\",\"contentUrl\":\"https:\\\/\\\/aippacademia.org\\\/wp-content\\\/uploads\\\/2024\\\/04\\\/AIPP_logo.png\",\"width\":371,\"height\":234,\"caption\":\"AIPP\"},\"image\":{\"@id\":\"https:\\\/\\\/aippacademia.org\\\/en\\\/#\\\/schema\\\/logo\\\/image\\\/\"}}]}<\/script>\n<!-- \/ Yoast SEO plugin. -->","yoast_head_json":{"title":"NEWS - AIPP","robots":{"index":"index","follow":"follow","max-snippet":"max-snippet:-1","max-image-preview":"max-image-preview:large","max-video-preview":"max-video-preview:-1"},"canonical":"https:\/\/aippacademia.org\/en\/news-2\/","og_locale":"en_GB","og_type":"article","og_title":"NEWS - AIPP","og_description":"2025 Symposium + 2024 Symposium and General Assembly of the AIPP &#8211; UPDATE On the 30th of September and the 1st of October 2024, the second symposium and General Assembly of the International Academy of Prehistory and Protohistory was organized in the wonderful building of the Polish Academy of Sciences, [&hellip;]","og_url":"https:\/\/aippacademia.org\/en\/news-2\/","og_site_name":"AIPP","article_modified_time":"2024-10-09T11:48:21+00:00","og_image":[{"url":"https:\/\/aippacademia.org\/wp-content\/uploads\/2024\/10\/1-bis-768x1024.jpg","type":"","width":"","height":""}],"twitter_card":"summary_large_image","twitter_misc":{"Estimated reading time":"4 minutes"},"schema":{"@context":"https:\/\/schema.org","@graph":[{"@type":"WebPage","@id":"https:\/\/aippacademia.org\/news-2\/","url":"https:\/\/aippacademia.org\/news-2\/","name":"NEWS - AIPP","isPartOf":{"@id":"https:\/\/aippacademia.org\/en\/#website"},"primaryImageOfPage":{"@id":"https:\/\/aippacademia.org\/news-2\/#primaryimage"},"image":{"@id":"https:\/\/aippacademia.org\/news-2\/#primaryimage"},"thumbnailUrl":"https:\/\/aippacademia.org\/wp-content\/uploads\/2024\/10\/1-bis-768x1024.jpg","datePublished":"2024-09-03T14:10:52+00:00","dateModified":"2024-10-09T11:48:21+00:00","breadcrumb":{"@id":"https:\/\/aippacademia.org\/news-2\/#breadcrumb"},"inLanguage":"en-GB","potentialAction":[{"@type":"ReadAction","target":["https:\/\/aippacademia.org\/news-2\/"]}]},{"@type":"ImageObject","inLanguage":"en-GB","@id":"https:\/\/aippacademia.org\/news-2\/#primaryimage","url":"https:\/\/aippacademia.org\/wp-content\/uploads\/2024\/10\/1-bis-768x1024.jpg","contentUrl":"https:\/\/aippacademia.org\/wp-content\/uploads\/2024\/10\/1-bis-768x1024.jpg"},{"@type":"BreadcrumbList","@id":"https:\/\/aippacademia.org\/news-2\/#breadcrumb","itemListElement":[{"@type":"ListItem","position":1,"name":"Home","item":"https:\/\/aippacademia.org\/en\/"},{"@type":"ListItem","position":2,"name":"NEWS"}]},{"@type":"WebSite","@id":"https:\/\/aippacademia.org\/en\/#website","url":"https:\/\/aippacademia.org\/en\/","name":"AIPP","description":"Acad&eacute;mie Internationale de Pr&eacute;histoire et Protohistoire","publisher":{"@id":"https:\/\/aippacademia.org\/en\/#organization"},"potentialAction":[{"@type":"SearchAction","target":{"@type":"EntryPoint","urlTemplate":"https:\/\/aippacademia.org\/en\/?s={search_term_string}"},"query-input":{"@type":"PropertyValueSpecification","valueRequired":true,"valueName":"search_term_string"}}],"inLanguage":"en-GB"},{"@type":"Organization","@id":"https:\/\/aippacademia.org\/en\/#organization","name":"AIPP","url":"https:\/\/aippacademia.org\/en\/","logo":{"@type":"ImageObject","inLanguage":"en-GB","@id":"https:\/\/aippacademia.org\/en\/#\/schema\/logo\/image\/","url":"https:\/\/aippacademia.org\/wp-content\/uploads\/2024\/04\/AIPP_logo.png","contentUrl":"https:\/\/aippacademia.org\/wp-content\/uploads\/2024\/04\/AIPP_logo.png","width":371,"height":234,"caption":"AIPP"},"image":{"@id":"https:\/\/aippacademia.org\/en\/#\/schema\/logo\/image\/"}}]}},"_links":{"self":[{"href":"https:\/\/aippacademia.org\/en\/wp-json\/wp\/v2\/pages\/233","targetHints":{"allow":["GET"]}}],"collection":[{"href":"https:\/\/aippacademia.org\/en\/wp-json\/wp\/v2\/pages"}],"about":[{"href":"https:\/\/aippacademia.org\/en\/wp-json\/wp\/v2\/types\/page"}],"author":[{"embeddable":true,"href":"https:\/\/aippacademia.org\/en\/wp-json\/wp\/v2\/users\/1"}],"replies":[{"embeddable":true,"href":"https:\/\/aippacademia.org\/en\/wp-json\/wp\/v2\/comments?post=233"}],"version-history":[{"count":9,"href":"https:\/\/aippacademia.org\/en\/wp-json\/wp\/v2\/pages\/233\/revisions"}],"predecessor-version":[{"id":315,"href":"https:\/\/aippacademia.org\/en\/wp-json\/wp\/v2\/pages\/233\/revisions\/315"}],"wp:attachment":[{"href":"https:\/\/aippacademia.org\/en\/wp-json\/wp\/v2\/media?parent=233"}],"curies":[{"name":"wp","href":"https:\/\/api.w.org\/{rel}","templated":true}]}}